{"id":134,"date":"2023-03-22T00:57:23","date_gmt":"2023-03-21T23:57:23","guid":{"rendered":"http:\/\/uis.localhost\/?page_id=134"},"modified":"2026-01-14T08:23:37","modified_gmt":"2026-01-14T07:23:37","slug":"master","status":"publish","type":"page","link":"https:\/\/www.uis.edu.mt\/de\/master\/","title":{"rendered":"Master"},"content":{"rendered":"<div data-elementor-type=\"wp-page\" data-elementor-id=\"134\" class=\"elementor elementor-134\">\n\t\t\t\t\t\t<section class=\"elementor-section elementor-top-section elementor-element elementor-element-35d43565 elementor-section-boxed elementor-section-height-default elementor-section-height-default\" data-id=\"35d43565\" data-element_type=\"section\">\n\t\t\t\t\t\t<div class=\"elementor-container elementor-column-gap-default\">\n\t\t\t\t\t<div class=\"elementor-column elementor-col-100 elementor-top-column elementor-element elementor-element-4dd36e39\" data-id=\"4dd36e39\" data-element_type=\"column\">\n\t\t\t<div class=\"elementor-widget-wrap elementor-element-populated\">\n\t\t\t\t\t\t<div class=\"elementor-element elementor-element-55d821f1 elementor-widget elementor-widget-image\" data-id=\"55d821f1\" data-element_type=\"widget\" data-widget_type=\"image.default\">\n\t\t\t\t<div class=\"elementor-widget-container\">\n\t\t\t\t\t\t\t\t\t\t\t\t\t\t\t<img fetchpriority=\"high\" decoding=\"async\" width=\"1140\" height=\"420\" src=\"https:\/\/www.uis.edu.mt\/wp-content\/uploads\/2023\/10\/UIS-Hero-Small-1140x420-Master-main.webp\" class=\"attachment-full size-full wp-image-2168\" alt=\"\" srcset=\"https:\/\/www.uis.edu.mt\/wp-content\/uploads\/2023\/10\/UIS-Hero-Small-1140x420-Master-main.webp 1140w, https:\/\/www.uis.edu.mt\/wp-content\/uploads\/2023\/10\/UIS-Hero-Small-1140x420-Master-main-300x111.webp 300w, https:\/\/www.uis.edu.mt\/wp-content\/uploads\/2023\/10\/UIS-Hero-Small-1140x420-Master-main-1024x377.webp 1024w, https:\/\/www.uis.edu.mt\/wp-content\/uploads\/2023\/10\/UIS-Hero-Small-1140x420-Master-main-768x283.webp 768w, https:\/\/www.uis.edu.mt\/wp-content\/uploads\/2023\/10\/UIS-Hero-Small-1140x420-Master-main-18x7.webp 18w\" sizes=\"(max-width: 1140px) 100vw, 1140px\" \/>\t\t\t\t\t\t\t\t\t\t\t\t\t\t\t<\/div>\n\t\t\t\t<\/div>\n\t\t\t\t\t<\/div>\n\t\t<\/div>\n\t\t\t\t\t<\/div>\n\t\t<\/section>\n\t\t\t\t<section class=\"elementor-section elementor-top-section elementor-element elementor-element-7fde36df elementor-section-content-top elementor-section-boxed elementor-section-height-default elementor-section-height-default\" data-id=\"7fde36df\" data-element_type=\"section\">\n\t\t\t\t\t\t<div class=\"elementor-container elementor-column-gap-default\">\n\t\t\t\t\t<div class=\"elementor-column elementor-col-100 elementor-top-column elementor-element elementor-element-4f3f6d1f\" data-id=\"4f3f6d1f\" data-element_type=\"column\">\n\t\t\t<div class=\"elementor-widget-wrap elementor-element-populated\">\n\t\t\t\t\t\t<div class=\"elementor-element elementor-element-7ef9529f elementor-widget elementor-widget-heading\" data-id=\"7ef9529f\" data-element_type=\"widget\" data-widget_type=\"heading.default\">\n\t\t\t\t<div class=\"elementor-widget-container\">\n\t\t\t\t\t<h2 class=\"elementor-heading-title elementor-size-default\">Masterprogramme an der UIS<\/h2>\t\t\t\t<\/div>\n\t\t\t\t<\/div>\n\t\t\t\t<div class=\"elementor-element elementor-element-1961df3a elementor-widget elementor-widget-text-editor\" data-id=\"1961df3a\" data-element_type=\"widget\" data-widget_type=\"text-editor.default\">\n\t\t\t\t<div class=\"elementor-widget-container\">\n\t\t\t\t\t\t\t\t\t<p>M\u00f6chten Sie einen Masterabschluss online, flexibel und ohne Unterbrechung Ihres Berufslebens erwerben, um Ihre Karriere voranzutreiben und Ihre Management- und F\u00fchrungsf\u00e4higkeiten zu verbessern? Mit dem flexiblen Online-Studienmodell der UIS k\u00f6nnen Sie die Anforderungen von Studium und Beruf meistern und gleichzeitig Ihren akademischen Abschluss erwerben, ohne auf Ihr Einkommen zu verzichten.<\/p>\n<p>Sie k\u00f6nnen Ihr Masterstudium an der UIS jederzeit beginnen. Das Online-Studienmodell erm\u00f6glicht Ihnen ein flexibles Studium, wann und wo Sie wollen.<\/p>\n<p>Sie bestimmen Ihr eigenes Lerntempo und entscheiden, wann Sie welche Pr\u00fcfung ablegen wollen. Dies erm\u00f6glicht eine optimale Pr\u00fcfungsvorbereitung.<\/p>\n<p>W\u00e4hrend des Masterstudiums an der UIS vermitteln Ihnen hochqualifizierte Professor:innen und Dozent:innen ihr Fachwissen in den Online-Vorlesungen und stehen Ihnen auch f\u00fcr eine individuelle Beratung zur Pr\u00fcfungsvorbereitung zur Verf\u00fcgung.<\/p><p><br><\/p><p><br><\/p>\t\t\t\t\t\t\t\t<\/div>\n\t\t\t\t<\/div>\n\t\t\t\t\t<\/div>\n\t\t<\/div>\n\t\t\t\t\t<\/div>\n\t\t<\/section>\n\t\t\t\t<section class=\"elementor-section elementor-top-section elementor-element elementor-element-a7c5958 elementor-section-content-middle elementor-section-boxed elementor-section-height-default elementor-section-height-default\" data-id=\"a7c5958\" data-element_type=\"section\">\n\t\t\t\t\t\t\t<div class=\"elementor-background-overlay\"><\/div>\n\t\t\t\t\t\t\t<div class=\"elementor-container elementor-column-gap-default\">\n\t\t\t\t\t<div class=\"elementor-column elementor-col-50 elementor-top-column elementor-element elementor-element-c115fa4 elementor-hidden-tablet elementor-hidden-mobile\" data-id=\"c115fa4\" data-element_type=\"column\">\n\t\t\t<div class=\"elementor-widget-wrap elementor-element-populated\">\n\t\t\t\t\t\t<div class=\"elementor-element elementor-element-35af664 elementor-widget__width-initial elementor-widget elementor-widget-image\" data-id=\"35af664\" data-element_type=\"widget\" data-widget_type=\"image.default\">\n\t\t\t\t<div class=\"elementor-widget-container\">\n\t\t\t\t\t\t\t\t\t\t\t\t\t\t\t<img decoding=\"async\" width=\"640\" height=\"640\" src=\"https:\/\/www.uis.edu.mt\/wp-content\/uploads\/2023\/10\/640x640-MBA.jpg\" class=\"attachment-full size-full wp-image-2426\" alt=\"\" srcset=\"https:\/\/www.uis.edu.mt\/wp-content\/uploads\/2023\/10\/640x640-MBA.jpg 640w, https:\/\/www.uis.edu.mt\/wp-content\/uploads\/2023\/10\/640x640-MBA-300x300.jpg 300w, https:\/\/www.uis.edu.mt\/wp-content\/uploads\/2023\/10\/640x640-MBA-150x150.jpg 150w, https:\/\/www.uis.edu.mt\/wp-content\/uploads\/2023\/10\/640x640-MBA-12x12.jpg 12w, https:\/\/www.uis.edu.mt\/wp-content\/uploads\/2023\/10\/640x640-MBA-500x500.jpg 500w\" sizes=\"(max-width: 640px) 100vw, 640px\" \/>\t\t\t\t\t\t\t\t\t\t\t\t\t\t\t<\/div>\n\t\t\t\t<\/div>\n\t\t\t\t\t<\/div>\n\t\t<\/div>\n\t\t\t\t<div class=\"elementor-column elementor-col-50 elementor-top-column elementor-element elementor-element-d345544\" data-id=\"d345544\" data-element_type=\"column\">\n\t\t\t<div class=\"elementor-widget-wrap elementor-element-populated\">\n\t\t\t\t\t\t<div class=\"elementor-element elementor-element-5e02d3c elementor-widget elementor-widget-heading\" data-id=\"5e02d3c\" data-element_type=\"widget\" data-widget_type=\"heading.default\">\n\t\t\t\t<div class=\"elementor-widget-container\">\n\t\t\t\t\t<h4 class=\"elementor-heading-title elementor-size-default\">Der Masterstudiengang an der UIS<\/h4>\t\t\t\t<\/div>\n\t\t\t\t<\/div>\n\t\t\t\t<div class=\"elementor-element elementor-element-30ed9e8 elementor-widget elementor-widget-heading\" data-id=\"30ed9e8\" data-element_type=\"widget\" data-widget_type=\"heading.default\">\n\t\t\t\t<div class=\"elementor-widget-container\">\n\t\t\t\t\t<h2 class=\"elementor-heading-title elementor-size-default\">Master of Business Administration, MBA<\/h2>\t\t\t\t<\/div>\n\t\t\t\t<\/div>\n\t\t\t\t<div class=\"elementor-element elementor-element-d30c026 elementor-widget elementor-widget-text-editor\" data-id=\"d30c026\" data-element_type=\"widget\" data-widget_type=\"text-editor.default\">\n\t\t\t\t<div class=\"elementor-widget-container\">\n\t\t\t\t\t\t\t\t\t<p>Sie haben bereits einen nicht-betriebswirtschaftlichen Bachelor- oder einen gleichwertigen Abschluss erworben und m\u00f6chten Ihr Fachwissen um betriebswirtschaftliche und Management-Kenntnisse erweitern, um Ihre Karriere voranzutreiben und Ihre Management- und F\u00fchrungsf\u00e4higkeiten zu verbessern? Dann ist der Master of Business Administration (MBA) genau das Richtige f\u00fcr Sie!<\/p>\t\t\t\t\t\t\t\t<\/div>\n\t\t\t\t<\/div>\n\t\t\t\t<div class=\"elementor-element elementor-element-680e234 elementor-align-left elementor-mobile-align-justify elementor-widget elementor-widget-button\" data-id=\"680e234\" data-element_type=\"widget\" data-widget_type=\"button.default\">\n\t\t\t\t<div class=\"elementor-widget-container\">\n\t\t\t\t\t\t\t\t\t<div class=\"elementor-button-wrapper\">\n\t\t\t\t\t<a class=\"elementor-button elementor-button-link elementor-size-lg elementor-animation-grow\" href=\"https:\/\/www.uis.edu.mt\/de\/master\/mba\/\">\n\t\t\t\t\t\t<span class=\"elementor-button-content-wrapper\">\n\t\t\t\t\t\t\t\t\t<span class=\"elementor-button-text\">Programm ansehen<\/span>\n\t\t\t\t\t<\/span>\n\t\t\t\t\t<\/a>\n\t\t\t\t<\/div>\n\t\t\t\t\t\t\t\t<\/div>\n\t\t\t\t<\/div>\n\t\t\t\t\t<\/div>\n\t\t<\/div>\n\t\t\t\t\t<\/div>\n\t\t<\/section>\n\t\t\t\t<section class=\"elementor-section elementor-top-section elementor-element elementor-element-78d7b119 elementor-section-content-middle elementor-section-boxed elementor-section-height-default elementor-section-height-default\" data-id=\"78d7b119\" data-element_type=\"section\">\n\t\t\t\t\t\t<div class=\"elementor-container elementor-column-gap-wider\">\n\t\t\t\t\t<div class=\"elementor-column elementor-col-33 elementor-top-column elementor-element elementor-element-4aa113c1\" data-id=\"4aa113c1\" data-element_type=\"column\">\n\t\t\t<div class=\"elementor-widget-wrap elementor-element-populated\">\n\t\t\t\t\t\t<div class=\"elementor-element elementor-element-2b2ef907 elementor-widget elementor-widget-raven-image\" data-id=\"2b2ef907\" data-element_type=\"widget\" data-widget_type=\"raven-image.default\">\n\t\t\t\t<div class=\"elementor-widget-container\">\n\t\t\t\t\t\t\t<div class=\"raven-image\">\n\t\t\n\t\t\n\t\t<img decoding=\"async\" width=\"2048\" height=\"2048\" src=\"https:\/\/www.uis.edu.mt\/wp-content\/uploads\/2026\/01\/Juliana-Cortez.jpg\" class=\"attachment-full size-full wp-image-3952\" alt=\"Student Services\" srcset=\"https:\/\/www.uis.edu.mt\/wp-content\/uploads\/2026\/01\/Juliana-Cortez.jpg 2048w, https:\/\/www.uis.edu.mt\/wp-content\/uploads\/2026\/01\/Juliana-Cortez-300x300.jpg 300w, https:\/\/www.uis.edu.mt\/wp-content\/uploads\/2026\/01\/Juliana-Cortez-1024x1024.jpg 1024w, https:\/\/www.uis.edu.mt\/wp-content\/uploads\/2026\/01\/Juliana-Cortez-150x150.jpg 150w, https:\/\/www.uis.edu.mt\/wp-content\/uploads\/2026\/01\/Juliana-Cortez-768x768.jpg 768w, https:\/\/www.uis.edu.mt\/wp-content\/uploads\/2026\/01\/Juliana-Cortez-1536x1536.jpg 1536w, https:\/\/www.uis.edu.mt\/wp-content\/uploads\/2026\/01\/Juliana-Cortez-12x12.jpg 12w, https:\/\/www.uis.edu.mt\/wp-content\/uploads\/2026\/01\/Juliana-Cortez-500x500.jpg 500w\" sizes=\"(max-width: 2048px) 100vw, 2048px\" \/>\t\t<\/div>\n\t\t\t\t\t\t<\/div>\n\t\t\t\t<\/div>\n\t\t\t\t\t<\/div>\n\t\t<\/div>\n\t\t\t\t<div class=\"elementor-column elementor-col-66 elementor-top-column elementor-element elementor-element-3ac5bc5b\" data-id=\"3ac5bc5b\" data-element_type=\"column\">\n\t\t\t<div class=\"elementor-widget-wrap elementor-element-populated\">\n\t\t\t\t\t\t<div class=\"elementor-element elementor-element-3ecd323a elementor-widget elementor-widget-heading\" data-id=\"3ecd323a\" data-element_type=\"widget\" data-widget_type=\"heading.default\">\n\t\t\t\t<div class=\"elementor-widget-container\">\n\t\t\t\t\t<h2 class=\"elementor-heading-title elementor-size-default\">Kontaktieren Sie die Studienberatung<\/h2>\t\t\t\t<\/div>\n\t\t\t\t<\/div>\n\t\t\t\t<div class=\"elementor-element elementor-element-532b1162 elementor-widget elementor-widget-text-editor\" data-id=\"532b1162\" data-element_type=\"widget\" data-widget_type=\"text-editor.default\">\n\t\t\t\t<div class=\"elementor-widget-container\">\n\t\t\t\t\t\t\t\t\t<div class=\"elementor-element elementor-element-b5c8a37 elementor-widget elementor-widget-text-editor\" data-id=\"b5c8a37\" data-element_type=\"widget\" data-widget_type=\"text-editor.default\"><div class=\"elementor-widget-container\"><p>Die Studienberatung beantwortet gerne alle Ihre Fragen.<\/p><\/div><\/div>\t\t\t\t\t\t\t\t<\/div>\n\t\t\t\t<\/div>\n\t\t\t\t<div class=\"elementor-element elementor-element-23c1f38d elementor-widget elementor-widget-heading\" data-id=\"23c1f38d\" data-element_type=\"widget\" data-widget_type=\"heading.default\">\n\t\t\t\t<div class=\"elementor-widget-container\">\n\t\t\t\t\t<h2 class=\"elementor-heading-title elementor-size-default\">Juliana Cortez<\/h2>\t\t\t\t<\/div>\n\t\t\t\t<\/div>\n\t\t\t\t<div class=\"elementor-element elementor-element-6a17b11f elementor-widget elementor-widget-text-editor\" data-id=\"6a17b11f\" data-element_type=\"widget\" data-widget_type=\"text-editor.default\">\n\t\t\t\t<div class=\"elementor-widget-container\">\n\t\t\t\t\t\t\t\t\t<div class=\"elementor-element elementor-element-b5c8a37 elementor-widget elementor-widget-text-editor\" data-id=\"b5c8a37\" data-element_type=\"widget\" data-widget_type=\"text-editor.default\"><div class=\"elementor-widget-container\"><p><span style=\"color: var( --e-global-color-text ); font-family: var( --e-global-typography-text-font-family ), Sans-serif; font-size: var( --e-global-typography-text-font-size ); font-weight: var( --e-global-typography-text-font-weight );\">Interessentenbetreuung<\/span><\/p><\/div><\/div>\t\t\t\t\t\t\t\t<\/div>\n\t\t\t\t<\/div>\n\t\t\t\t<div class=\"elementor-element elementor-element-49d04111 elementor-view-stacked elementor-position-left elementor-shape-circle elementor-mobile-position-top elementor-vertical-align-top elementor-widget elementor-widget-icon-box\" data-id=\"49d04111\" data-element_type=\"widget\" data-widget_type=\"icon-box.default\">\n\t\t\t\t<div class=\"elementor-widget-container\">\n\t\t\t\t\t\t\t<div class=\"elementor-icon-box-wrapper\">\n\n\t\t\t\t\t\t<div class=\"elementor-icon-box-icon\">\n\t\t\t\t<a href=\"mailto:student.services@uis.edu.mt\" class=\"elementor-icon\" tabindex=\"-1\" aria-label=\"Senden Sie eine E-Mail\">\n\t\t\t\t<i aria-hidden=\"true\" class=\"fas fa-envelope\"><\/i>\t\t\t\t<\/a>\n\t\t\t<\/div>\n\t\t\t\n\t\t\t\t\t\t<div class=\"elementor-icon-box-content\">\n\n\t\t\t\t\t\t\t\t\t<h3 class=\"elementor-icon-box-title\">\n\t\t\t\t\t\t<a href=\"mailto:student.services@uis.edu.mt\" >\n\t\t\t\t\t\t\tSenden Sie eine E-Mail\t\t\t\t\t\t<\/a>\n\t\t\t\t\t<\/h3>\n\t\t\t\t\n\t\t\t\t\n\t\t\t<\/div>\n\t\t\t\n\t\t<\/div>\n\t\t\t\t\t\t<\/div>\n\t\t\t\t<\/div>\n\t\t\t\t<div class=\"elementor-element elementor-element-247cf57a elementor-view-stacked elementor-position-left elementor-shape-circle elementor-mobile-position-top elementor-vertical-align-top elementor-widget elementor-widget-icon-box\" data-id=\"247cf57a\" data-element_type=\"widget\" data-widget_type=\"icon-box.default\">\n\t\t\t\t<div class=\"elementor-widget-container\">\n\t\t\t\t\t\t\t<div class=\"elementor-icon-box-wrapper\">\n\n\t\t\t\t\t\t<div class=\"elementor-icon-box-icon\">\n\t\t\t\t<a href=\"tel:0035677186605\" class=\"elementor-icon\" tabindex=\"-1\" aria-label=\"+356 77 18 66 05\">\n\t\t\t\t<i aria-hidden=\"true\" class=\"fas fa-phone-alt\"><\/i>\t\t\t\t<\/a>\n\t\t\t<\/div>\n\t\t\t\n\t\t\t\t\t\t<div class=\"elementor-icon-box-content\">\n\n\t\t\t\t\t\t\t\t\t<h3 class=\"elementor-icon-box-title\">\n\t\t\t\t\t\t<a href=\"tel:0035677186605\" >\n\t\t\t\t\t\t\t+356 77 18 66 05\t\t\t\t\t\t<\/a>\n\t\t\t\t\t<\/h3>\n\t\t\t\t\n\t\t\t\t\t\t\t\t\t<p class=\"elementor-icon-box-description\">\n\t\t\t\t\t\tMo.-Fr. 9:00 - 17:00 CET\t\t\t\t\t<\/p>\n\t\t\t\t\n\t\t\t<\/div>\n\t\t\t\n\t\t<\/div>\n\t\t\t\t\t\t<\/div>\n\t\t\t\t<\/div>\n\t\t\t\t\t<\/div>\n\t\t<\/div>\n\t\t\t\t\t<\/div>\n\t\t<\/section>\n\t\t\t\t<\/div>","protected":false},"excerpt":{"rendered":"<p>Master Programmes at UIS Would you like to earn a Master&#8217;s degree online, flexibly and without interrupting your professional life to advance your career and improve your management and leadership skills? With the UIS flexible online study model, you can master the demands of study and work while earning your academic degree without sacrificing income. [&hellip;]<\/p>","protected":false},"author":1,"featured_media":0,"parent":0,"menu_order":0,"comment_status":"closed","ping_status":"closed","template":"","meta":{"_acf_changed":false,"footnotes":""},"class_list":["post-134","page","type-page","status-publish","hentry"],"acf":[],"yoast_head":"<!-- This site is optimized with the Yoast SEO plugin v25.0 - https:\/\/yoast.com\/wordpress\/plugins\/seo\/ -->\n<title>UIS Master Programmes - Elevate Your Education<\/title>\n<meta name=\"description\" content=\"Master`s programmes at UIS are fully online and offer a maximum of flexibility. You can start anytime!\" \/>\n<meta name=\"robots\" content=\"index, follow, max-snippet:-1, max-image-preview:large, max-video-preview:-1\" \/>\n<link rel=\"canonical\" href=\"https:\/\/www.uis.edu.mt\/de\/master\/\" \/>\n<meta property=\"og:locale\" content=\"de_DE\" \/>\n<meta property=\"og:type\" content=\"article\" \/>\n<meta property=\"og:title\" content=\"UIS Master Programmes - Elevate Your Education\" \/>\n<meta property=\"og:description\" content=\"Master`s programmes at UIS are fully online and offer a maximum of flexibility. You can start anytime!\" \/>\n<meta property=\"og:url\" content=\"https:\/\/www.uis.edu.mt\/de\/master\/\" \/>\n<meta property=\"og:site_name\" content=\"United International Schools\" \/>\n<meta property=\"article:modified_time\" content=\"2026-01-14T07:23:37+00:00\" \/>\n<meta property=\"og:image\" content=\"https:\/\/www.uis.edu.mt\/wp-content\/uploads\/2023\/10\/UIS-Hero-Small-1140x420-Master-main.webp\" \/>\n\t<meta property=\"og:image:width\" content=\"1140\" \/>\n\t<meta property=\"og:image:height\" content=\"420\" \/>\n\t<meta property=\"og:image:type\" content=\"image\/webp\" \/>\n<meta name=\"twitter:card\" content=\"summary_large_image\" \/>\n<meta name=\"twitter:label1\" content=\"Gesch\u00e4tzte Lesezeit\" \/>\n\t<meta name=\"twitter:data1\" content=\"1\u00a0Minute\" \/>\n<script type=\"application\/ld+json\" class=\"yoast-schema-graph\">{\"@context\":\"https:\/\/schema.org\",\"@graph\":[{\"@type\":\"WebPage\",\"@id\":\"https:\/\/www.uis.edu.mt\/master\/\",\"url\":\"https:\/\/www.uis.edu.mt\/master\/\",\"name\":\"UIS Master Programmes - Elevate Your Education\",\"isPartOf\":{\"@id\":\"https:\/\/www.uis.edu.mt\/#website\"},\"primaryImageOfPage\":{\"@id\":\"https:\/\/www.uis.edu.mt\/master\/#primaryimage\"},\"image\":{\"@id\":\"https:\/\/www.uis.edu.mt\/master\/#primaryimage\"},\"thumbnailUrl\":\"https:\/\/www.uis.edu.mt\/wp-content\/uploads\/2023\/10\/UIS-Hero-Small-1140x420-Master-main.webp\",\"datePublished\":\"2023-03-21T23:57:23+00:00\",\"dateModified\":\"2026-01-14T07:23:37+00:00\",\"description\":\"Master`s programmes at UIS are fully online and offer a maximum of flexibility. You can start anytime!\",\"breadcrumb\":{\"@id\":\"https:\/\/www.uis.edu.mt\/master\/#breadcrumb\"},\"inLanguage\":\"de\",\"potentialAction\":[{\"@type\":\"ReadAction\",\"target\":[\"https:\/\/www.uis.edu.mt\/master\/\"]}]},{\"@type\":\"ImageObject\",\"inLanguage\":\"de\",\"@id\":\"https:\/\/www.uis.edu.mt\/master\/#primaryimage\",\"url\":\"https:\/\/www.uis.edu.mt\/wp-content\/uploads\/2023\/10\/UIS-Hero-Small-1140x420-Master-main.webp\",\"contentUrl\":\"https:\/\/www.uis.edu.mt\/wp-content\/uploads\/2023\/10\/UIS-Hero-Small-1140x420-Master-main.webp\"},{\"@type\":\"BreadcrumbList\",\"@id\":\"https:\/\/www.uis.edu.mt\/master\/#breadcrumb\",\"itemListElement\":[{\"@type\":\"ListItem\",\"position\":1,\"name\":\"Home\",\"item\":\"https:\/\/www.uis.edu.mt\/\"},{\"@type\":\"ListItem\",\"position\":2,\"name\":\"Master\"}]},{\"@type\":\"WebSite\",\"@id\":\"https:\/\/www.uis.edu.mt\/#website\",\"url\":\"https:\/\/www.uis.edu.mt\/\",\"name\":\"United International Schools\",\"description\":\"\",\"publisher\":{\"@id\":\"https:\/\/www.uis.edu.mt\/#organization\"},\"potentialAction\":[{\"@type\":\"SearchAction\",\"target\":{\"@type\":\"EntryPoint\",\"urlTemplate\":\"https:\/\/www.uis.edu.mt\/?s={search_term_string}\"},\"query-input\":{\"@type\":\"PropertyValueSpecification\",\"valueRequired\":true,\"valueName\":\"search_term_string\"}}],\"inLanguage\":\"de\"},{\"@type\":\"Organization\",\"@id\":\"https:\/\/www.uis.edu.mt\/#organization\",\"name\":\"United International Schools\",\"url\":\"https:\/\/www.uis.edu.mt\/\",\"logo\":{\"@type\":\"ImageObject\",\"inLanguage\":\"de\",\"@id\":\"https:\/\/www.uis.edu.mt\/#\/schema\/logo\/image\/\",\"url\":\"https:\/\/www.uis.edu.mt\/wp-content\/uploads\/2023\/08\/UIS-Pos-scaled.jpg\",\"contentUrl\":\"https:\/\/www.uis.edu.mt\/wp-content\/uploads\/2023\/08\/UIS-Pos-scaled.jpg\",\"width\":2560,\"height\":1515,\"caption\":\"United International Schools\"},\"image\":{\"@id\":\"https:\/\/www.uis.edu.mt\/#\/schema\/logo\/image\/\"}}]}<\/script>\n<!-- \/ Yoast SEO plugin. -->","yoast_head_json":{"title":"UIS Master Programmes - Elevate Your Education","description":"Master`s programmes at UIS are fully online and offer a maximum of flexibility. You can start anytime!","robots":{"index":"index","follow":"follow","max-snippet":"max-snippet:-1","max-image-preview":"max-image-preview:large","max-video-preview":"max-video-preview:-1"},"canonical":"https:\/\/www.uis.edu.mt\/de\/master\/","og_locale":"de_DE","og_type":"article","og_title":"UIS Master Programmes - Elevate Your Education","og_description":"Master`s programmes at UIS are fully online and offer a maximum of flexibility. You can start anytime!","og_url":"https:\/\/www.uis.edu.mt\/de\/master\/","og_site_name":"United International Schools","article_modified_time":"2026-01-14T07:23:37+00:00","og_image":[{"width":1140,"height":420,"url":"https:\/\/www.uis.edu.mt\/wp-content\/uploads\/2023\/10\/UIS-Hero-Small-1140x420-Master-main.webp","type":"image\/webp"}],"twitter_card":"summary_large_image","twitter_misc":{"Gesch\u00e4tzte Lesezeit":"1\u00a0Minute"},"schema":{"@context":"https:\/\/schema.org","@graph":[{"@type":"WebPage","@id":"https:\/\/www.uis.edu.mt\/master\/","url":"https:\/\/www.uis.edu.mt\/master\/","name":"UIS Master Programmes - Elevate Your Education","isPartOf":{"@id":"https:\/\/www.uis.edu.mt\/#website"},"primaryImageOfPage":{"@id":"https:\/\/www.uis.edu.mt\/master\/#primaryimage"},"image":{"@id":"https:\/\/www.uis.edu.mt\/master\/#primaryimage"},"thumbnailUrl":"https:\/\/www.uis.edu.mt\/wp-content\/uploads\/2023\/10\/UIS-Hero-Small-1140x420-Master-main.webp","datePublished":"2023-03-21T23:57:23+00:00","dateModified":"2026-01-14T07:23:37+00:00","description":"Master`s programmes at UIS are fully online and offer a maximum of flexibility. You can start anytime!","breadcrumb":{"@id":"https:\/\/www.uis.edu.mt\/master\/#breadcrumb"},"inLanguage":"de","potentialAction":[{"@type":"ReadAction","target":["https:\/\/www.uis.edu.mt\/master\/"]}]},{"@type":"ImageObject","inLanguage":"de","@id":"https:\/\/www.uis.edu.mt\/master\/#primaryimage","url":"https:\/\/www.uis.edu.mt\/wp-content\/uploads\/2023\/10\/UIS-Hero-Small-1140x420-Master-main.webp","contentUrl":"https:\/\/www.uis.edu.mt\/wp-content\/uploads\/2023\/10\/UIS-Hero-Small-1140x420-Master-main.webp"},{"@type":"BreadcrumbList","@id":"https:\/\/www.uis.edu.mt\/master\/#breadcrumb","itemListElement":[{"@type":"ListItem","position":1,"name":"Home","item":"https:\/\/www.uis.edu.mt\/"},{"@type":"ListItem","position":2,"name":"Master"}]},{"@type":"WebSite","@id":"https:\/\/www.uis.edu.mt\/#website","url":"https:\/\/www.uis.edu.mt\/","name":"United International Schools","description":"","publisher":{"@id":"https:\/\/www.uis.edu.mt\/#organization"},"potentialAction":[{"@type":"SearchAction","target":{"@type":"EntryPoint","urlTemplate":"https:\/\/www.uis.edu.mt\/?s={search_term_string}"},"query-input":{"@type":"PropertyValueSpecification","valueRequired":true,"valueName":"search_term_string"}}],"inLanguage":"de"},{"@type":"Organization","@id":"https:\/\/www.uis.edu.mt\/#organization","name":"United International Schools","url":"https:\/\/www.uis.edu.mt\/","logo":{"@type":"ImageObject","inLanguage":"de","@id":"https:\/\/www.uis.edu.mt\/#\/schema\/logo\/image\/","url":"https:\/\/www.uis.edu.mt\/wp-content\/uploads\/2023\/08\/UIS-Pos-scaled.jpg","contentUrl":"https:\/\/www.uis.edu.mt\/wp-content\/uploads\/2023\/08\/UIS-Pos-scaled.jpg","width":2560,"height":1515,"caption":"United International Schools"},"image":{"@id":"https:\/\/www.uis.edu.mt\/#\/schema\/logo\/image\/"}}]}},"_links":{"self":[{"href":"https:\/\/www.uis.edu.mt\/de\/wp-json\/wp\/v2\/pages\/134","targetHints":{"allow":["GET"]}}],"collection":[{"href":"https:\/\/www.uis.edu.mt\/de\/wp-json\/wp\/v2\/pages"}],"about":[{"href":"https:\/\/www.uis.edu.mt\/de\/wp-json\/wp\/v2\/types\/page"}],"author":[{"embeddable":true,"href":"https:\/\/www.uis.edu.mt\/de\/wp-json\/wp\/v2\/users\/1"}],"replies":[{"embeddable":true,"href":"https:\/\/www.uis.edu.mt\/de\/wp-json\/wp\/v2\/comments?post=134"}],"version-history":[{"count":146,"href":"https:\/\/www.uis.edu.mt\/de\/wp-json\/wp\/v2\/pages\/134\/revisions"}],"predecessor-version":[{"id":3964,"href":"https:\/\/www.uis.edu.mt\/de\/wp-json\/wp\/v2\/pages\/134\/revisions\/3964"}],"wp:attachment":[{"href":"https:\/\/www.uis.edu.mt\/de\/wp-json\/wp\/v2\/media?parent=134"}],"curies":[{"name":"wp","href":"https:\/\/api.w.org\/{rel}","templated":true}]}}