{"id":251,"date":"2023-08-30T13:06:15","date_gmt":"2023-08-30T11:06:15","guid":{"rendered":"https:\/\/www.uis.edu.mt\/?page_id=251"},"modified":"2023-11-08T16:36:44","modified_gmt":"2023-11-08T15:36:44","slug":"about-uis","status":"publish","type":"page","link":"https:\/\/www.uis.edu.mt\/de\/about-uis\/","title":{"rendered":"Hochschule"},"content":{"rendered":"<div data-elementor-type=\"wp-page\" data-elementor-id=\"251\" class=\"elementor elementor-251\">\n\t\t\t\t\t\t<section class=\"elementor-section elementor-top-section elementor-element elementor-element-39b59598 elementor-section-boxed elementor-section-height-default elementor-section-height-default\" data-id=\"39b59598\" data-element_type=\"section\">\n\t\t\t\t\t\t<div class=\"elementor-container elementor-column-gap-default\">\n\t\t\t\t\t<div class=\"elementor-column elementor-col-100 elementor-top-column elementor-element elementor-element-73162f68\" data-id=\"73162f68\" data-element_type=\"column\">\n\t\t\t<div class=\"elementor-widget-wrap elementor-element-populated\">\n\t\t\t\t\t\t<div class=\"elementor-element elementor-element-700364f3 elementor-widget elementor-widget-image\" data-id=\"700364f3\" data-element_type=\"widget\" data-widget_type=\"image.default\">\n\t\t\t\t<div class=\"elementor-widget-container\">\n\t\t\t\t\t\t\t\t\t\t\t\t\t\t\t<img fetchpriority=\"high\" decoding=\"async\" width=\"1140\" height=\"420\" src=\"https:\/\/www.uis.edu.mt\/wp-content\/uploads\/2023\/10\/UIS-Hero-Small-1140x420-About.webp\" class=\"attachment-full size-full wp-image-2143\" alt=\"\" srcset=\"https:\/\/www.uis.edu.mt\/wp-content\/uploads\/2023\/10\/UIS-Hero-Small-1140x420-About.webp 1140w, https:\/\/www.uis.edu.mt\/wp-content\/uploads\/2023\/10\/UIS-Hero-Small-1140x420-About-300x111.webp 300w, https:\/\/www.uis.edu.mt\/wp-content\/uploads\/2023\/10\/UIS-Hero-Small-1140x420-About-1024x377.webp 1024w, https:\/\/www.uis.edu.mt\/wp-content\/uploads\/2023\/10\/UIS-Hero-Small-1140x420-About-768x283.webp 768w, https:\/\/www.uis.edu.mt\/wp-content\/uploads\/2023\/10\/UIS-Hero-Small-1140x420-About-18x7.webp 18w\" sizes=\"(max-width: 1140px) 100vw, 1140px\" \/>\t\t\t\t\t\t\t\t\t\t\t\t\t\t\t<\/div>\n\t\t\t\t<\/div>\n\t\t\t\t\t<\/div>\n\t\t<\/div>\n\t\t\t\t\t<\/div>\n\t\t<\/section>\n\t\t\t\t<section class=\"elementor-section elementor-top-section elementor-element elementor-element-479578a9 elementor-section-content-middle elementor-section-boxed elementor-section-height-default elementor-section-height-default\" data-id=\"479578a9\" data-element_type=\"section\">\n\t\t\t\t\t\t<div class=\"elementor-container elementor-column-gap-default\">\n\t\t\t\t\t<div class=\"elementor-column elementor-col-50 elementor-top-column elementor-element elementor-element-7c0bd09\" data-id=\"7c0bd09\" data-element_type=\"column\">\n\t\t\t<div class=\"elementor-widget-wrap elementor-element-populated\">\n\t\t\t\t\t\t<div class=\"elementor-element elementor-element-5c8210a2 elementor-widget elementor-widget-heading\" data-id=\"5c8210a2\" data-element_type=\"widget\" data-widget_type=\"heading.default\">\n\t\t\t\t<div class=\"elementor-widget-container\">\n\t\t\t\t\t<h2 class=\"elementor-heading-title elementor-size-default\">\u00dcber die United International Schools (UIS)<\/h2>\t\t\t\t<\/div>\n\t\t\t\t<\/div>\n\t\t\t\t<div class=\"elementor-element elementor-element-4d9ac624 elementor-widget elementor-widget-text-editor\" data-id=\"4d9ac624\" data-element_type=\"widget\" data-widget_type=\"text-editor.default\">\n\t\t\t\t<div class=\"elementor-widget-container\">\n\t\t\t\t\t\t\t\t\t<p>Die United International Schools (UIS) ist eine maltesische Higher Education Institution (HEI), die gegr\u00fcndet wurde, um den Bed\u00fcrfnissen einer neuen Generation von Lernenden gerecht zu werden: Lernende aus einer zunehmend heterogenen Gemeinschaft; Lernende, die studieren und arbeiten wollen oder arbeiten m\u00fcssen, um zu studieren, oder die in abh\u00e4ngigen Betreuungsverh\u00e4ltnissen leben, die flexiblere Lernformen als das Lernen auf dem Campus erfordern; Lernende der digitalen Generation, die nicht nur mit der Technologie vertraut sind, sondern auch Spa\u00df an der digitalen Umgebung haben.<\/p><p>Um diesen Bed\u00fcrfnissen gerecht zu werden, bietet die UIS flexible Programme an, die es den Lernenden erm\u00f6glichen, ihre Qualifikation zu verbessern und den Absolvent:innen, ihre Besch\u00e4ftigungsf\u00e4higkeit und\/oder ihre berufliche Entwicklung zu f\u00f6rdern. Die Programme orientieren sich an bew\u00e4hrten digitalen Verfahren und werden \u00fcber internationale Lernplattformen angeboten.<\/p><p>Die UIS entstand aus einer Partnerschaft zwischen zwei langj\u00e4hrigen Hochschulanbietern, die seit \u00fcber 20 Jahren Online-Bildungsprogramme anbieten.<\/p><p>Die UIS ist eine von der Malta Further and Higher Education Authority (MFHEA) unter der Lizenznummer 2023-010 zugelassene Higher Education Institution.<\/p>\t\t\t\t\t\t\t\t<\/div>\n\t\t\t\t<\/div>\n\t\t\t\t\t<\/div>\n\t\t<\/div>\n\t\t\t\t<div class=\"elementor-column elementor-col-50 elementor-top-column elementor-element elementor-element-7dd6bceb elementor-hidden-tablet elementor-hidden-mobile\" data-id=\"7dd6bceb\" data-element_type=\"column\">\n\t\t\t<div class=\"elementor-widget-wrap elementor-element-populated\">\n\t\t\t\t\t\t<div class=\"elementor-element elementor-element-10ce37dd elementor-widget elementor-widget-image\" data-id=\"10ce37dd\" data-element_type=\"widget\" data-widget_type=\"image.default\">\n\t\t\t\t<div class=\"elementor-widget-container\">\n\t\t\t\t\t\t\t\t\t\t\t\t\t\t\t<img decoding=\"async\" src=\"https:\/\/www.uis.edu.mt\/wp-content\/uploads\/elementor\/thumbs\/id23-Gbwa5gTsKKA-unsplash-scaled-qdcz2grfjettr44thd0g09qzb3hbz0aynvndw45u74.jpg\" title=\"id23-Gbwa5gTsKKA-unsplash\" alt=\"id23-Gbwa5gTsKKA-unsplash\" loading=\"lazy\" \/>\t\t\t\t\t\t\t\t\t\t\t\t\t\t\t<\/div>\n\t\t\t\t<\/div>\n\t\t\t\t\t<\/div>\n\t\t<\/div>\n\t\t\t\t\t<\/div>\n\t\t<\/section>\n\t\t\t\t<section class=\"elementor-section elementor-top-section elementor-element elementor-element-34339f97 elementor-section-boxed elementor-section-height-default elementor-section-height-default\" data-id=\"34339f97\" data-element_type=\"section\">\n\t\t\t\t\t\t\t<div class=\"elementor-background-overlay\"><\/div>\n\t\t\t\t\t\t\t<div class=\"elementor-container elementor-column-gap-default\">\n\t\t\t\t\t<div class=\"elementor-column elementor-col-100 elementor-top-column elementor-element elementor-element-48d80b60\" data-id=\"48d80b60\" data-element_type=\"column\">\n\t\t\t<div class=\"elementor-widget-wrap elementor-element-populated\">\n\t\t\t\t\t\t<div class=\"elementor-element elementor-element-226b0431 elementor-widget elementor-widget-heading\" data-id=\"226b0431\" data-element_type=\"widget\" data-widget_type=\"heading.default\">\n\t\t\t\t<div class=\"elementor-widget-container\">\n\t\t\t\t\t<h2 class=\"elementor-heading-title elementor-size-default\">Vision, Mission &amp; Werte<\/h2>\t\t\t\t<\/div>\n\t\t\t\t<\/div>\n\t\t\t\t<section class=\"elementor-section elementor-inner-section elementor-element elementor-element-126342df elementor-section-boxed elementor-section-height-default elementor-section-height-default\" data-id=\"126342df\" data-element_type=\"section\">\n\t\t\t\t\t\t<div class=\"elementor-container elementor-column-gap-default\">\n\t\t\t\t\t<div class=\"elementor-column elementor-col-50 elementor-inner-column elementor-element elementor-element-d956ca9\" data-id=\"d956ca9\" data-element_type=\"column\">\n\t\t\t<div class=\"elementor-widget-wrap elementor-element-populated\">\n\t\t\t\t\t\t<div class=\"elementor-element elementor-element-4e5e3f0b elementor-widget elementor-widget-heading\" data-id=\"4e5e3f0b\" data-element_type=\"widget\" data-widget_type=\"heading.default\">\n\t\t\t\t<div class=\"elementor-widget-container\">\n\t\t\t\t\t<h4 class=\"elementor-heading-title elementor-size-default\">Vision<\/h4>\t\t\t\t<\/div>\n\t\t\t\t<\/div>\n\t\t\t\t<div class=\"elementor-element elementor-element-7e8c5714 elementor-widget elementor-widget-text-editor\" data-id=\"7e8c5714\" data-element_type=\"widget\" data-widget_type=\"text-editor.default\">\n\t\t\t\t<div class=\"elementor-widget-container\">\n\t\t\t\t\t\t\t\t\t<p>Unsere Vision ist es, als f\u00fchrende maltesische Higher Education Institution (HEI) mit den Schwerpunkten Wirtschaft und kreative K\u00fcnste hervorzustechen. Die UIS stellt die Studierenden in den Mittelpunkt und bietet technologieorientierte, akademisch fundierte Online-Programme an. Unser Ziel ist es, ein integratives Lernumfeld zu schaffen, das fortschrittliche Technologien und praktische Erfahrungen integriert, um die Studierenden auf den Erfolg in der Praxis vorzubereiten.<\/p><p>Die UIS ist bestrebt, zuk\u00fcnftige F\u00fchrungskr\u00e4fte, Innovateur:innen und kreative Denker:innen zu f\u00f6rdern und sie f\u00fcr eine erfolgreiche Karriere zu qualifizieren.<\/p>\t\t\t\t\t\t\t\t<\/div>\n\t\t\t\t<\/div>\n\t\t\t\t\t<\/div>\n\t\t<\/div>\n\t\t\t\t<div class=\"elementor-column elementor-col-50 elementor-inner-column elementor-element elementor-element-2bde4e20\" data-id=\"2bde4e20\" data-element_type=\"column\">\n\t\t\t<div class=\"elementor-widget-wrap elementor-element-populated\">\n\t\t\t\t\t\t<div class=\"elementor-element elementor-element-24268368 elementor-widget elementor-widget-heading\" data-id=\"24268368\" data-element_type=\"widget\" data-widget_type=\"heading.default\">\n\t\t\t\t<div class=\"elementor-widget-container\">\n\t\t\t\t\t<h4 class=\"elementor-heading-title elementor-size-default\">Mission<\/h4>\t\t\t\t<\/div>\n\t\t\t\t<\/div>\n\t\t\t\t<div class=\"elementor-element elementor-element-6a81cb1 elementor-widget elementor-widget-text-editor\" data-id=\"6a81cb1\" data-element_type=\"widget\" data-widget_type=\"text-editor.default\">\n\t\t\t\t<div class=\"elementor-widget-container\">\n\t\t\t\t\t\t\t\t\t<p>F\u00f6rderung des lebenslangen Lernens, bei dem die Technologien des digitalen Zeitalters mit der Pr\u00e4zision der akademischen Forschung und des praxisorientierten Lernens kombiniert werden:<\/p><ul><li>Entwicklung und Durchf\u00fchrung von Bildungsprogrammen auf Diplom-, Bachelor-, Master- und beruflicher Ebene, die die Besch\u00e4ftigungsf\u00e4higkeit der Absolvent:innen und\/oder ihre Karrierechancen verbessern.<\/li><li>Studieng\u00e4nge anbieten, die nicht vom Studienort abh\u00e4ngen, sondern sicherstellen, dass sich die Studierenden als Gemeinschaft engagieren und ein ansprechendes Lernumfeld erleben.<\/li><\/ul>\t\t\t\t\t\t\t\t<\/div>\n\t\t\t\t<\/div>\n\t\t\t\t\t<\/div>\n\t\t<\/div>\n\t\t\t\t\t<\/div>\n\t\t<\/section>\n\t\t\t\t<div class=\"elementor-element elementor-element-1c3a0196 elementor-widget elementor-widget-heading\" data-id=\"1c3a0196\" data-element_type=\"widget\" data-widget_type=\"heading.default\">\n\t\t\t\t<div class=\"elementor-widget-container\">\n\t\t\t\t\t<h4 class=\"elementor-heading-title elementor-size-default\">Werte<\/h4>\t\t\t\t<\/div>\n\t\t\t\t<\/div>\n\t\t\t\t<section class=\"elementor-section elementor-inner-section elementor-element elementor-element-66ff6d0e elementor-section-boxed elementor-section-height-default elementor-section-height-default\" data-id=\"66ff6d0e\" data-element_type=\"section\">\n\t\t\t\t\t\t<div class=\"elementor-container elementor-column-gap-default\">\n\t\t\t\t\t<div class=\"elementor-column elementor-col-33 elementor-inner-column elementor-element elementor-element-6b6bd86d\" data-id=\"6b6bd86d\" data-element_type=\"column\">\n\t\t\t<div class=\"elementor-widget-wrap elementor-element-populated\">\n\t\t\t\t\t\t<div class=\"elementor-element elementor-element-1d33dde5 elementor-view-stacked elementor-position-left elementor-mobile-position-left elementor-shape-circle elementor-vertical-align-top elementor-widget elementor-widget-icon-box\" data-id=\"1d33dde5\" data-element_type=\"widget\" data-widget_type=\"icon-box.default\">\n\t\t\t\t<div class=\"elementor-widget-container\">\n\t\t\t\t\t\t\t<div class=\"elementor-icon-box-wrapper\">\n\n\t\t\t\t\t\t<div class=\"elementor-icon-box-icon\">\n\t\t\t\t<span  class=\"elementor-icon\">\n\t\t\t\t<i aria-hidden=\"true\" class=\"fas fa-balance-scale\"><\/i>\t\t\t\t<\/span>\n\t\t\t<\/div>\n\t\t\t\n\t\t\t\t\t\t<div class=\"elementor-icon-box-content\">\n\n\t\t\t\t\t\t\t\t\t<h3 class=\"elementor-icon-box-title\">\n\t\t\t\t\t\t<span  >\n\t\t\t\t\t\t\tGleichberechtigung \t\t\t\t\t\t<\/span>\n\t\t\t\t\t<\/h3>\n\t\t\t\t\n\t\t\t\t\t\t\t\t\t<p class=\"elementor-icon-box-description\">\n\t\t\t\t\t\tSicherstellen, dass ein gleichberechtigter Zugang und die M\u00f6glichkeit besteht, unabh\u00e4ngig vom Hintergrund der Lernenden von der Hochschulbildung zu profitieren.\t\t\t\t\t<\/p>\n\t\t\t\t\n\t\t\t<\/div>\n\t\t\t\n\t\t<\/div>\n\t\t\t\t\t\t<\/div>\n\t\t\t\t<\/div>\n\t\t\t\t\t<\/div>\n\t\t<\/div>\n\t\t\t\t<div class=\"elementor-column elementor-col-33 elementor-inner-column elementor-element elementor-element-40014760\" data-id=\"40014760\" data-element_type=\"column\">\n\t\t\t<div class=\"elementor-widget-wrap elementor-element-populated\">\n\t\t\t\t\t\t<div class=\"elementor-element elementor-element-1ef53a46 elementor-view-stacked elementor-position-left elementor-mobile-position-left elementor-shape-circle elementor-vertical-align-top elementor-widget elementor-widget-icon-box\" data-id=\"1ef53a46\" data-element_type=\"widget\" data-widget_type=\"icon-box.default\">\n\t\t\t\t<div class=\"elementor-widget-container\">\n\t\t\t\t\t\t\t<div class=\"elementor-icon-box-wrapper\">\n\n\t\t\t\t\t\t<div class=\"elementor-icon-box-icon\">\n\t\t\t\t<span  class=\"elementor-icon\">\n\t\t\t\t<i aria-hidden=\"true\" class=\"fas fa-hand-holding-heart\"><\/i>\t\t\t\t<\/span>\n\t\t\t<\/div>\n\t\t\t\n\t\t\t\t\t\t<div class=\"elementor-icon-box-content\">\n\n\t\t\t\t\t\t\t\t\t<h3 class=\"elementor-icon-box-title\">\n\t\t\t\t\t\t<span  >\n\t\t\t\t\t\t\tVerantwortung\t\t\t\t\t\t<\/span>\n\t\t\t\t\t<\/h3>\n\t\t\t\t\n\t\t\t\t\t\t\t\t\t<p class=\"elementor-icon-box-description\">\n\t\t\t\t\t\tEine verantwortungsbewusste, zuverl\u00e4ssige und reaktionsschnelle Organisation sein, die die h\u00f6chsten ethischen Standards einh\u00e4lt und den Schutz der Umwelt und die Nachhaltigkeit respektiert.\t\t\t\t\t<\/p>\n\t\t\t\t\n\t\t\t<\/div>\n\t\t\t\n\t\t<\/div>\n\t\t\t\t\t\t<\/div>\n\t\t\t\t<\/div>\n\t\t\t\t\t<\/div>\n\t\t<\/div>\n\t\t\t\t<div class=\"elementor-column elementor-col-33 elementor-inner-column elementor-element elementor-element-5dd89df0\" data-id=\"5dd89df0\" data-element_type=\"column\">\n\t\t\t<div class=\"elementor-widget-wrap elementor-element-populated\">\n\t\t\t\t\t\t<div class=\"elementor-element elementor-element-3e61c56e elementor-view-stacked elementor-position-left elementor-mobile-position-left elementor-shape-circle elementor-vertical-align-top elementor-widget elementor-widget-icon-box\" data-id=\"3e61c56e\" data-element_type=\"widget\" data-widget_type=\"icon-box.default\">\n\t\t\t\t<div class=\"elementor-widget-container\">\n\t\t\t\t\t\t\t<div class=\"elementor-icon-box-wrapper\">\n\n\t\t\t\t\t\t<div class=\"elementor-icon-box-icon\">\n\t\t\t\t<span  class=\"elementor-icon\">\n\t\t\t\t<i aria-hidden=\"true\" class=\"fas fa-handshake\"><\/i>\t\t\t\t<\/span>\n\t\t\t<\/div>\n\t\t\t\n\t\t\t\t\t\t<div class=\"elementor-icon-box-content\">\n\n\t\t\t\t\t\t\t\t\t<h3 class=\"elementor-icon-box-title\">\n\t\t\t\t\t\t<span  >\n\t\t\t\t\t\t\tRespekt\t\t\t\t\t\t<\/span>\n\t\t\t\t\t<\/h3>\n\t\t\t\t\n\t\t\t\t\t\t\t\t\t<p class=\"elementor-icon-box-description\">\n\t\t\t\t\t\tDie Vielfalt und Unterschiede in der Gesellschaft  respektieren und ihr Verhalten so gestalten, dass es die Einzigartigkeit jedes\/jeder Studierenden, jeder Mitarbieterin\/jedes Mitarbeiters und jeder Interessenvertreterin\/jedes Interessenvertreters widerspiegelt.\t\t\t\t\t<\/p>\n\t\t\t\t\n\t\t\t<\/div>\n\t\t\t\n\t\t<\/div>\n\t\t\t\t\t\t<\/div>\n\t\t\t\t<\/div>\n\t\t\t\t\t<\/div>\n\t\t<\/div>\n\t\t\t\t\t<\/div>\n\t\t<\/section>\n\t\t\t\t\t<\/div>\n\t\t<\/div>\n\t\t\t\t\t<\/div>\n\t\t<\/section>\n\t\t\t\t<\/div>","protected":false},"excerpt":{"rendered":"<p>About United International Schools (UIS) United International Schools (UIS) is a Maltese Higher Education Institution (HEI) that has been established to address the needs of a new generation of learners: learners from an increasingly diverse community; learners who want to study and work or who have to work to study or who are in caring [&hellip;]<\/p>","protected":false},"author":1,"featured_media":0,"parent":0,"menu_order":0,"comment_status":"closed","ping_status":"closed","template":"","meta":{"_acf_changed":false,"footnotes":""},"class_list":["post-251","page","type-page","status-publish","hentry"],"acf":[],"yoast_head":"<!-- This site is optimized with the Yoast SEO plugin v25.0 - https:\/\/yoast.com\/wordpress\/plugins\/seo\/ -->\n<title>About our Institution - United International Schools<\/title>\n<meta name=\"description\" content=\"United International Schools is a Maltese higher education institution that has been established to address the needs of a new generation of learners.\" \/>\n<meta name=\"robots\" content=\"index, follow, max-snippet:-1, max-image-preview:large, max-video-preview:-1\" \/>\n<link rel=\"canonical\" href=\"https:\/\/www.uis.edu.mt\/de\/about-uis\/\" \/>\n<meta property=\"og:locale\" content=\"de_DE\" \/>\n<meta property=\"og:type\" content=\"article\" \/>\n<meta property=\"og:title\" content=\"About our Institution - United International Schools\" \/>\n<meta property=\"og:description\" content=\"United International Schools is a Maltese higher education institution that has been established to address the needs of a new generation of learners.\" \/>\n<meta property=\"og:url\" content=\"https:\/\/www.uis.edu.mt\/de\/about-uis\/\" \/>\n<meta property=\"og:site_name\" content=\"United International Schools\" \/>\n<meta property=\"article:modified_time\" content=\"2023-11-08T15:36:44+00:00\" \/>\n<meta property=\"og:image\" content=\"https:\/\/www.uis.edu.mt\/wp-content\/uploads\/2023\/10\/UIS-Hero-Small-1140x420-About.webp\" \/>\n<meta name=\"twitter:card\" content=\"summary_large_image\" \/>\n<meta name=\"twitter:label1\" content=\"Gesch\u00e4tzte Lesezeit\" \/>\n\t<meta name=\"twitter:data1\" content=\"2\u00a0Minuten\" \/>\n<script type=\"application\/ld+json\" class=\"yoast-schema-graph\">{\"@context\":\"https:\/\/schema.org\",\"@graph\":[{\"@type\":\"WebPage\",\"@id\":\"https:\/\/www.uis.edu.mt\/about-uis\/\",\"url\":\"https:\/\/www.uis.edu.mt\/about-uis\/\",\"name\":\"About our Institution - United International Schools\",\"isPartOf\":{\"@id\":\"https:\/\/www.uis.edu.mt\/#website\"},\"primaryImageOfPage\":{\"@id\":\"https:\/\/www.uis.edu.mt\/about-uis\/#primaryimage\"},\"image\":{\"@id\":\"https:\/\/www.uis.edu.mt\/about-uis\/#primaryimage\"},\"thumbnailUrl\":\"https:\/\/www.uis.edu.mt\/wp-content\/uploads\/2023\/10\/UIS-Hero-Small-1140x420-About.webp\",\"datePublished\":\"2023-08-30T11:06:15+00:00\",\"dateModified\":\"2023-11-08T15:36:44+00:00\",\"description\":\"United International Schools is a Maltese higher education institution that has been established to address the needs of a new generation of learners.\",\"breadcrumb\":{\"@id\":\"https:\/\/www.uis.edu.mt\/about-uis\/#breadcrumb\"},\"inLanguage\":\"de\",\"potentialAction\":[{\"@type\":\"ReadAction\",\"target\":[\"https:\/\/www.uis.edu.mt\/about-uis\/\"]}]},{\"@type\":\"ImageObject\",\"inLanguage\":\"de\",\"@id\":\"https:\/\/www.uis.edu.mt\/about-uis\/#primaryimage\",\"url\":\"https:\/\/www.uis.edu.mt\/wp-content\/uploads\/2023\/10\/UIS-Hero-Small-1140x420-About.webp\",\"contentUrl\":\"https:\/\/www.uis.edu.mt\/wp-content\/uploads\/2023\/10\/UIS-Hero-Small-1140x420-About.webp\"},{\"@type\":\"BreadcrumbList\",\"@id\":\"https:\/\/www.uis.edu.mt\/about-uis\/#breadcrumb\",\"itemListElement\":[{\"@type\":\"ListItem\",\"position\":1,\"name\":\"Home\",\"item\":\"https:\/\/www.uis.edu.mt\/\"},{\"@type\":\"ListItem\",\"position\":2,\"name\":\"Institution\"}]},{\"@type\":\"WebSite\",\"@id\":\"https:\/\/www.uis.edu.mt\/#website\",\"url\":\"https:\/\/www.uis.edu.mt\/\",\"name\":\"United International Schools\",\"description\":\"\",\"publisher\":{\"@id\":\"https:\/\/www.uis.edu.mt\/#organization\"},\"potentialAction\":[{\"@type\":\"SearchAction\",\"target\":{\"@type\":\"EntryPoint\",\"urlTemplate\":\"https:\/\/www.uis.edu.mt\/?s={search_term_string}\"},\"query-input\":{\"@type\":\"PropertyValueSpecification\",\"valueRequired\":true,\"valueName\":\"search_term_string\"}}],\"inLanguage\":\"de\"},{\"@type\":\"Organization\",\"@id\":\"https:\/\/www.uis.edu.mt\/#organization\",\"name\":\"United International Schools\",\"url\":\"https:\/\/www.uis.edu.mt\/\",\"logo\":{\"@type\":\"ImageObject\",\"inLanguage\":\"de\",\"@id\":\"https:\/\/www.uis.edu.mt\/#\/schema\/logo\/image\/\",\"url\":\"https:\/\/www.uis.edu.mt\/wp-content\/uploads\/2023\/08\/UIS-Pos-scaled.jpg\",\"contentUrl\":\"https:\/\/www.uis.edu.mt\/wp-content\/uploads\/2023\/08\/UIS-Pos-scaled.jpg\",\"width\":2560,\"height\":1515,\"caption\":\"United International Schools\"},\"image\":{\"@id\":\"https:\/\/www.uis.edu.mt\/#\/schema\/logo\/image\/\"}}]}<\/script>\n<!-- \/ Yoast SEO plugin. -->","yoast_head_json":{"title":"About our Institution - United International Schools","description":"United International Schools is a Maltese higher education institution that has been established to address the needs of a new generation of learners.","robots":{"index":"index","follow":"follow","max-snippet":"max-snippet:-1","max-image-preview":"max-image-preview:large","max-video-preview":"max-video-preview:-1"},"canonical":"https:\/\/www.uis.edu.mt\/de\/about-uis\/","og_locale":"de_DE","og_type":"article","og_title":"About our Institution - United International Schools","og_description":"United International Schools is a Maltese higher education institution that has been established to address the needs of a new generation of learners.","og_url":"https:\/\/www.uis.edu.mt\/de\/about-uis\/","og_site_name":"United International Schools","article_modified_time":"2023-11-08T15:36:44+00:00","og_image":[{"url":"https:\/\/www.uis.edu.mt\/wp-content\/uploads\/2023\/10\/UIS-Hero-Small-1140x420-About.webp","type":"","width":"","height":""}],"twitter_card":"summary_large_image","twitter_misc":{"Gesch\u00e4tzte Lesezeit":"2\u00a0Minuten"},"schema":{"@context":"https:\/\/schema.org","@graph":[{"@type":"WebPage","@id":"https:\/\/www.uis.edu.mt\/about-uis\/","url":"https:\/\/www.uis.edu.mt\/about-uis\/","name":"About our Institution - United International Schools","isPartOf":{"@id":"https:\/\/www.uis.edu.mt\/#website"},"primaryImageOfPage":{"@id":"https:\/\/www.uis.edu.mt\/about-uis\/#primaryimage"},"image":{"@id":"https:\/\/www.uis.edu.mt\/about-uis\/#primaryimage"},"thumbnailUrl":"https:\/\/www.uis.edu.mt\/wp-content\/uploads\/2023\/10\/UIS-Hero-Small-1140x420-About.webp","datePublished":"2023-08-30T11:06:15+00:00","dateModified":"2023-11-08T15:36:44+00:00","description":"United International Schools is a Maltese higher education institution that has been established to address the needs of a new generation of learners.","breadcrumb":{"@id":"https:\/\/www.uis.edu.mt\/about-uis\/#breadcrumb"},"inLanguage":"de","potentialAction":[{"@type":"ReadAction","target":["https:\/\/www.uis.edu.mt\/about-uis\/"]}]},{"@type":"ImageObject","inLanguage":"de","@id":"https:\/\/www.uis.edu.mt\/about-uis\/#primaryimage","url":"https:\/\/www.uis.edu.mt\/wp-content\/uploads\/2023\/10\/UIS-Hero-Small-1140x420-About.webp","contentUrl":"https:\/\/www.uis.edu.mt\/wp-content\/uploads\/2023\/10\/UIS-Hero-Small-1140x420-About.webp"},{"@type":"BreadcrumbList","@id":"https:\/\/www.uis.edu.mt\/about-uis\/#breadcrumb","itemListElement":[{"@type":"ListItem","position":1,"name":"Home","item":"https:\/\/www.uis.edu.mt\/"},{"@type":"ListItem","position":2,"name":"Institution"}]},{"@type":"WebSite","@id":"https:\/\/www.uis.edu.mt\/#website","url":"https:\/\/www.uis.edu.mt\/","name":"United International Schools","description":"","publisher":{"@id":"https:\/\/www.uis.edu.mt\/#organization"},"potentialAction":[{"@type":"SearchAction","target":{"@type":"EntryPoint","urlTemplate":"https:\/\/www.uis.edu.mt\/?s={search_term_string}"},"query-input":{"@type":"PropertyValueSpecification","valueRequired":true,"valueName":"search_term_string"}}],"inLanguage":"de"},{"@type":"Organization","@id":"https:\/\/www.uis.edu.mt\/#organization","name":"United International Schools","url":"https:\/\/www.uis.edu.mt\/","logo":{"@type":"ImageObject","inLanguage":"de","@id":"https:\/\/www.uis.edu.mt\/#\/schema\/logo\/image\/","url":"https:\/\/www.uis.edu.mt\/wp-content\/uploads\/2023\/08\/UIS-Pos-scaled.jpg","contentUrl":"https:\/\/www.uis.edu.mt\/wp-content\/uploads\/2023\/08\/UIS-Pos-scaled.jpg","width":2560,"height":1515,"caption":"United International Schools"},"image":{"@id":"https:\/\/www.uis.edu.mt\/#\/schema\/logo\/image\/"}}]}},"_links":{"self":[{"href":"https:\/\/www.uis.edu.mt\/de\/wp-json\/wp\/v2\/pages\/251","targetHints":{"allow":["GET"]}}],"collection":[{"href":"https:\/\/www.uis.edu.mt\/de\/wp-json\/wp\/v2\/pages"}],"about":[{"href":"https:\/\/www.uis.edu.mt\/de\/wp-json\/wp\/v2\/types\/page"}],"author":[{"embeddable":true,"href":"https:\/\/www.uis.edu.mt\/de\/wp-json\/wp\/v2\/users\/1"}],"replies":[{"embeddable":true,"href":"https:\/\/www.uis.edu.mt\/de\/wp-json\/wp\/v2\/comments?post=251"}],"version-history":[{"count":104,"href":"https:\/\/www.uis.edu.mt\/de\/wp-json\/wp\/v2\/pages\/251\/revisions"}],"predecessor-version":[{"id":2878,"href":"https:\/\/www.uis.edu.mt\/de\/wp-json\/wp\/v2\/pages\/251\/revisions\/2878"}],"wp:attachment":[{"href":"https:\/\/www.uis.edu.mt\/de\/wp-json\/wp\/v2\/media?parent=251"}],"curies":[{"name":"wp","href":"https:\/\/api.w.org\/{rel}","templated":true}]}}