{"id":3288,"date":"2024-06-27T09:16:30","date_gmt":"2024-06-27T07:16:30","guid":{"rendered":"https:\/\/www.uis.edu.mt\/?page_id=3288"},"modified":"2024-06-27T09:31:39","modified_gmt":"2024-06-27T07:31:39","slug":"report-on-the-results-of-the-notification-procedure-with-aq-austria","status":"publish","type":"page","link":"https:\/\/www.uis.edu.mt\/de\/report-on-the-results-of-the-notification-procedure-with-aq-austria\/","title":{"rendered":"Report AQ Austria"},"content":{"rendered":"<div data-elementor-type=\"wp-page\" data-elementor-id=\"3288\" class=\"elementor elementor-3288\">\n\t\t\t\t\t\t<section class=\"elementor-section elementor-top-section elementor-element elementor-element-ff881d5 elementor-section-boxed elementor-section-height-default elementor-section-height-default\" data-id=\"ff881d5\" data-element_type=\"section\">\n\t\t\t\t\t\t<div class=\"elementor-container elementor-column-gap-default\">\n\t\t\t\t\t<div class=\"elementor-column elementor-col-100 elementor-top-column elementor-element elementor-element-c992c4d\" data-id=\"c992c4d\" data-element_type=\"column\">\n\t\t\t<div class=\"elementor-widget-wrap elementor-element-populated\">\n\t\t\t\t\t\t<div class=\"elementor-element elementor-element-a82efa1 elementor-widget elementor-widget-heading\" data-id=\"a82efa1\" data-element_type=\"widget\" data-widget_type=\"heading.default\">\n\t\t\t\t<div class=\"elementor-widget-container\">\n\t\t\t\t\t<h2 class=\"elementor-heading-title elementor-size-default\">Ergebnisbericht zum Meldeverfahren der United International Schools (UIS), United Education Ltd. bei der AQ Austria<\/h2>\t\t\t\t<\/div>\n\t\t\t\t<\/div>\n\t\t\t\t<div class=\"elementor-element elementor-element-5ab710e elementor-widget elementor-widget-text-editor\" data-id=\"5ab710e\" data-element_type=\"widget\" data-widget_type=\"text-editor.default\">\n\t\t\t\t<div class=\"elementor-widget-container\">\n\t\t\t\t\t\t\t\t\t<p>Das Board der AQ Austria hat am 15.05.2024 entschieden, dem Antrag der United International Schools (UIS), United Education Ltd. auf positive Entscheidung \u00fcber die Meldung gem. \u00a7\u00a7 27, 27a HS-QSG vom 07.12.2023, eingelangt am 07.12.2023, hinsichtlich der Studieng\u00e4nge<\/p><p>1. Bachelor of Science (BSc) in Business Administration and Management<br \/>2. Master of Business Administration (MBA)<\/p><p>gem. \u00a7\u00a7 27, 27a HS-QSG iVm \u00a7 3 Abs. 1 der \u00a7 27-Meldeverordnung 2019 stattzugeben.<br \/>Die Dauer der G\u00fcltigkeit der Meldung ist befristet bis 30.05.2028.<\/p><p class=\"translation-block\">Der Bericht kann hier heruntergeladen werden: <a href=\"https:\/\/www.uis.edu.mt\/wp-content\/uploads\/2024\/06\/Ergebnisbericht_UIS_2-SG.pdf\" target=\"_self\">Download Bericht<\/a><\/p><p><strong>Mit der Entscheidung \u00fcber die Meldung der Studien ist keine Feststellung der Gleichwertigkeit mit \u00f6sterreichischen Studien und entsprechenden \u00f6sterreichischen akademischen Graden verbunden.<\/strong> <strong>Die Studien und akademischen Grade gelten als solche des Herkunfts- bzw. Sitzstaates.<\/strong><\/p><p>Wir m\u00f6chten Studierenden in \u00d6sterreich darauf hinweisen, dass im Falle des Widerrufs der Entscheidung \u00fcber die Meldung durch das Board der AQ Austria der Studiengang\/die Studieng\u00e4nge in \u00d6sterreich nicht mehr durchgef\u00fchrt werden darf\/d\u00fcrfen.<\/p>\t\t\t\t\t\t\t\t<\/div>\n\t\t\t\t<\/div>\n\t\t\t\t\t<\/div>\n\t\t<\/div>\n\t\t\t\t\t<\/div>\n\t\t<\/section>\n\t\t\t\t<\/div>","protected":false},"excerpt":{"rendered":"<p>Report on the results of the reporting procedure of United International Schools (UIS), United Education Ltd. with AQ Austria On 15.05.2024, the Board of AQ Austria decided to accept the application of United International Schools (UIS), United Education Ltd. for a positive decision on the notification pursuant to \u00a7\u00a7 27, 27a HS-QSG of 07.12.2023, received [&hellip;]<\/p>","protected":false},"author":1,"featured_media":0,"parent":0,"menu_order":0,"comment_status":"closed","ping_status":"closed","template":"","meta":{"_acf_changed":false,"footnotes":""},"class_list":["post-3288","page","type-page","status-publish","hentry"],"acf":[],"yoast_head":"<!-- This site is optimized with the Yoast SEO plugin v25.0 - https:\/\/yoast.com\/wordpress\/plugins\/seo\/ -->\n<title>Report AQ Austria - United International Schools<\/title>\n<meta name=\"robots\" content=\"index, follow, max-snippet:-1, max-image-preview:large, max-video-preview:-1\" \/>\n<link rel=\"canonical\" href=\"https:\/\/www.uis.edu.mt\/de\/report-on-the-results-of-the-notification-procedure-with-aq-austria\/\" \/>\n<meta property=\"og:locale\" content=\"de_DE\" \/>\n<meta property=\"og:type\" content=\"article\" \/>\n<meta property=\"og:title\" content=\"Report AQ Austria - United International Schools\" \/>\n<meta property=\"og:description\" content=\"Report on the results of the reporting procedure of United International Schools (UIS), United Education Ltd. with AQ Austria On 15.05.2024, the Board of AQ Austria decided to accept the application of United International Schools (UIS), United Education Ltd. for a positive decision on the notification pursuant to \u00a7\u00a7 27, 27a HS-QSG of 07.12.2023, received [&hellip;]\" \/>\n<meta property=\"og:url\" content=\"https:\/\/www.uis.edu.mt\/de\/report-on-the-results-of-the-notification-procedure-with-aq-austria\/\" \/>\n<meta property=\"og:site_name\" content=\"United International Schools\" \/>\n<meta property=\"article:modified_time\" content=\"2024-06-27T07:31:39+00:00\" \/>\n<meta name=\"twitter:card\" content=\"summary_large_image\" \/>\n<meta name=\"twitter:label1\" content=\"Gesch\u00e4tzte Lesezeit\" \/>\n\t<meta name=\"twitter:data1\" content=\"1\u00a0Minute\" \/>\n<script type=\"application\/ld+json\" class=\"yoast-schema-graph\">{\"@context\":\"https:\/\/schema.org\",\"@graph\":[{\"@type\":\"WebPage\",\"@id\":\"https:\/\/www.uis.edu.mt\/report-on-the-results-of-the-notification-procedure-with-aq-austria\/\",\"url\":\"https:\/\/www.uis.edu.mt\/report-on-the-results-of-the-notification-procedure-with-aq-austria\/\",\"name\":\"Report AQ Austria - United International Schools\",\"isPartOf\":{\"@id\":\"https:\/\/www.uis.edu.mt\/#website\"},\"datePublished\":\"2024-06-27T07:16:30+00:00\",\"dateModified\":\"2024-06-27T07:31:39+00:00\",\"breadcrumb\":{\"@id\":\"https:\/\/www.uis.edu.mt\/report-on-the-results-of-the-notification-procedure-with-aq-austria\/#breadcrumb\"},\"inLanguage\":\"de\",\"potentialAction\":[{\"@type\":\"ReadAction\",\"target\":[\"https:\/\/www.uis.edu.mt\/report-on-the-results-of-the-notification-procedure-with-aq-austria\/\"]}]},{\"@type\":\"BreadcrumbList\",\"@id\":\"https:\/\/www.uis.edu.mt\/report-on-the-results-of-the-notification-procedure-with-aq-austria\/#breadcrumb\",\"itemListElement\":[{\"@type\":\"ListItem\",\"position\":1,\"name\":\"Home\",\"item\":\"https:\/\/www.uis.edu.mt\/\"},{\"@type\":\"ListItem\",\"position\":2,\"name\":\"Report AQ Austria\"}]},{\"@type\":\"WebSite\",\"@id\":\"https:\/\/www.uis.edu.mt\/#website\",\"url\":\"https:\/\/www.uis.edu.mt\/\",\"name\":\"United International Schools\",\"description\":\"\",\"publisher\":{\"@id\":\"https:\/\/www.uis.edu.mt\/#organization\"},\"potentialAction\":[{\"@type\":\"SearchAction\",\"target\":{\"@type\":\"EntryPoint\",\"urlTemplate\":\"https:\/\/www.uis.edu.mt\/?s={search_term_string}\"},\"query-input\":{\"@type\":\"PropertyValueSpecification\",\"valueRequired\":true,\"valueName\":\"search_term_string\"}}],\"inLanguage\":\"de\"},{\"@type\":\"Organization\",\"@id\":\"https:\/\/www.uis.edu.mt\/#organization\",\"name\":\"United International Schools\",\"url\":\"https:\/\/www.uis.edu.mt\/\",\"logo\":{\"@type\":\"ImageObject\",\"inLanguage\":\"de\",\"@id\":\"https:\/\/www.uis.edu.mt\/#\/schema\/logo\/image\/\",\"url\":\"https:\/\/www.uis.edu.mt\/wp-content\/uploads\/2023\/08\/UIS-Pos-scaled.jpg\",\"contentUrl\":\"https:\/\/www.uis.edu.mt\/wp-content\/uploads\/2023\/08\/UIS-Pos-scaled.jpg\",\"width\":2560,\"height\":1515,\"caption\":\"United International Schools\"},\"image\":{\"@id\":\"https:\/\/www.uis.edu.mt\/#\/schema\/logo\/image\/\"}}]}<\/script>\n<!-- \/ Yoast SEO plugin. -->","yoast_head_json":{"title":"Report AQ Austria - United International Schools","robots":{"index":"index","follow":"follow","max-snippet":"max-snippet:-1","max-image-preview":"max-image-preview:large","max-video-preview":"max-video-preview:-1"},"canonical":"https:\/\/www.uis.edu.mt\/de\/report-on-the-results-of-the-notification-procedure-with-aq-austria\/","og_locale":"de_DE","og_type":"article","og_title":"Report AQ Austria - United International Schools","og_description":"Report on the results of the reporting procedure of United International Schools (UIS), United Education Ltd. with AQ Austria On 15.05.2024, the Board of AQ Austria decided to accept the application of United International Schools (UIS), United Education Ltd. for a positive decision on the notification pursuant to \u00a7\u00a7 27, 27a HS-QSG of 07.12.2023, received [&hellip;]","og_url":"https:\/\/www.uis.edu.mt\/de\/report-on-the-results-of-the-notification-procedure-with-aq-austria\/","og_site_name":"United International Schools","article_modified_time":"2024-06-27T07:31:39+00:00","twitter_card":"summary_large_image","twitter_misc":{"Gesch\u00e4tzte Lesezeit":"1\u00a0Minute"},"schema":{"@context":"https:\/\/schema.org","@graph":[{"@type":"WebPage","@id":"https:\/\/www.uis.edu.mt\/report-on-the-results-of-the-notification-procedure-with-aq-austria\/","url":"https:\/\/www.uis.edu.mt\/report-on-the-results-of-the-notification-procedure-with-aq-austria\/","name":"Report AQ Austria - United International Schools","isPartOf":{"@id":"https:\/\/www.uis.edu.mt\/#website"},"datePublished":"2024-06-27T07:16:30+00:00","dateModified":"2024-06-27T07:31:39+00:00","breadcrumb":{"@id":"https:\/\/www.uis.edu.mt\/report-on-the-results-of-the-notification-procedure-with-aq-austria\/#breadcrumb"},"inLanguage":"de","potentialAction":[{"@type":"ReadAction","target":["https:\/\/www.uis.edu.mt\/report-on-the-results-of-the-notification-procedure-with-aq-austria\/"]}]},{"@type":"BreadcrumbList","@id":"https:\/\/www.uis.edu.mt\/report-on-the-results-of-the-notification-procedure-with-aq-austria\/#breadcrumb","itemListElement":[{"@type":"ListItem","position":1,"name":"Home","item":"https:\/\/www.uis.edu.mt\/"},{"@type":"ListItem","position":2,"name":"Report AQ Austria"}]},{"@type":"WebSite","@id":"https:\/\/www.uis.edu.mt\/#website","url":"https:\/\/www.uis.edu.mt\/","name":"United International Schools","description":"","publisher":{"@id":"https:\/\/www.uis.edu.mt\/#organization"},"potentialAction":[{"@type":"SearchAction","target":{"@type":"EntryPoint","urlTemplate":"https:\/\/www.uis.edu.mt\/?s={search_term_string}"},"query-input":{"@type":"PropertyValueSpecification","valueRequired":true,"valueName":"search_term_string"}}],"inLanguage":"de"},{"@type":"Organization","@id":"https:\/\/www.uis.edu.mt\/#organization","name":"United International Schools","url":"https:\/\/www.uis.edu.mt\/","logo":{"@type":"ImageObject","inLanguage":"de","@id":"https:\/\/www.uis.edu.mt\/#\/schema\/logo\/image\/","url":"https:\/\/www.uis.edu.mt\/wp-content\/uploads\/2023\/08\/UIS-Pos-scaled.jpg","contentUrl":"https:\/\/www.uis.edu.mt\/wp-content\/uploads\/2023\/08\/UIS-Pos-scaled.jpg","width":2560,"height":1515,"caption":"United International Schools"},"image":{"@id":"https:\/\/www.uis.edu.mt\/#\/schema\/logo\/image\/"}}]}},"_links":{"self":[{"href":"https:\/\/www.uis.edu.mt\/de\/wp-json\/wp\/v2\/pages\/3288","targetHints":{"allow":["GET"]}}],"collection":[{"href":"https:\/\/www.uis.edu.mt\/de\/wp-json\/wp\/v2\/pages"}],"about":[{"href":"https:\/\/www.uis.edu.mt\/de\/wp-json\/wp\/v2\/types\/page"}],"author":[{"embeddable":true,"href":"https:\/\/www.uis.edu.mt\/de\/wp-json\/wp\/v2\/users\/1"}],"replies":[{"embeddable":true,"href":"https:\/\/www.uis.edu.mt\/de\/wp-json\/wp\/v2\/comments?post=3288"}],"version-history":[{"count":27,"href":"https:\/\/www.uis.edu.mt\/de\/wp-json\/wp\/v2\/pages\/3288\/revisions"}],"predecessor-version":[{"id":3317,"href":"https:\/\/www.uis.edu.mt\/de\/wp-json\/wp\/v2\/pages\/3288\/revisions\/3317"}],"wp:attachment":[{"href":"https:\/\/www.uis.edu.mt\/de\/wp-json\/wp\/v2\/media?parent=3288"}],"curies":[{"name":"wp","href":"https:\/\/api.w.org\/{rel}","templated":true}]}}