{"id":374,"date":"2023-08-30T17:39:19","date_gmt":"2023-08-30T15:39:19","guid":{"rendered":"https:\/\/www.uis.edu.mt\/?page_id=374"},"modified":"2026-01-14T08:30:28","modified_gmt":"2026-01-14T07:30:28","slug":"recognition","status":"publish","type":"page","link":"https:\/\/www.uis.edu.mt\/de\/study\/recognition\/","title":{"rendered":"Anerkennung"},"content":{"rendered":"<div data-elementor-type=\"wp-page\" data-elementor-id=\"374\" class=\"elementor elementor-374\">\n\t\t\t\t\t\t<section class=\"elementor-section elementor-top-section elementor-element elementor-element-59a0a93 elementor-section-boxed elementor-section-height-default elementor-section-height-default\" data-id=\"59a0a93\" data-element_type=\"section\">\n\t\t\t\t\t\t<div class=\"elementor-container elementor-column-gap-default\">\n\t\t\t\t\t<div class=\"elementor-column elementor-col-100 elementor-top-column elementor-element elementor-element-bad7eb9\" data-id=\"bad7eb9\" data-element_type=\"column\">\n\t\t\t<div class=\"elementor-widget-wrap elementor-element-populated\">\n\t\t\t\t\t\t<div class=\"elementor-element elementor-element-5a7d6f7 elementor-widget elementor-widget-image\" data-id=\"5a7d6f7\" data-element_type=\"widget\" data-widget_type=\"image.default\">\n\t\t\t\t<div class=\"elementor-widget-container\">\n\t\t\t\t\t\t\t\t\t\t\t\t\t\t\t<img fetchpriority=\"high\" decoding=\"async\" width=\"1140\" height=\"420\" src=\"https:\/\/www.uis.edu.mt\/wp-content\/uploads\/2023\/10\/UIS-Hero-Small-1140x420-Recognition.webp\" class=\"attachment-full size-full wp-image-2183\" alt=\"\" srcset=\"https:\/\/www.uis.edu.mt\/wp-content\/uploads\/2023\/10\/UIS-Hero-Small-1140x420-Recognition.webp 1140w, https:\/\/www.uis.edu.mt\/wp-content\/uploads\/2023\/10\/UIS-Hero-Small-1140x420-Recognition-300x111.webp 300w, https:\/\/www.uis.edu.mt\/wp-content\/uploads\/2023\/10\/UIS-Hero-Small-1140x420-Recognition-1024x377.webp 1024w, https:\/\/www.uis.edu.mt\/wp-content\/uploads\/2023\/10\/UIS-Hero-Small-1140x420-Recognition-768x283.webp 768w, https:\/\/www.uis.edu.mt\/wp-content\/uploads\/2023\/10\/UIS-Hero-Small-1140x420-Recognition-18x7.webp 18w\" sizes=\"(max-width: 1140px) 100vw, 1140px\" \/>\t\t\t\t\t\t\t\t\t\t\t\t\t\t\t<\/div>\n\t\t\t\t<\/div>\n\t\t\t\t\t<\/div>\n\t\t<\/div>\n\t\t\t\t\t<\/div>\n\t\t<\/section>\n\t\t\t\t<section class=\"elementor-section elementor-top-section elementor-element elementor-element-29b2dd00 elementor-section-content-middle elementor-reverse-mobile elementor-section-boxed elementor-section-height-default elementor-section-height-default\" data-id=\"29b2dd00\" data-element_type=\"section\">\n\t\t\t\t\t\t<div class=\"elementor-container elementor-column-gap-default\">\n\t\t\t\t\t<div class=\"elementor-column elementor-col-100 elementor-top-column elementor-element elementor-element-7d59c6da\" data-id=\"7d59c6da\" data-element_type=\"column\">\n\t\t\t<div class=\"elementor-widget-wrap elementor-element-populated\">\n\t\t\t\t\t\t<div class=\"elementor-element elementor-element-1d61be27 elementor-widget elementor-widget-heading\" data-id=\"1d61be27\" data-element_type=\"widget\" data-widget_type=\"heading.default\">\n\t\t\t\t<div class=\"elementor-widget-container\">\n\t\t\t\t\t<h2 class=\"elementor-heading-title elementor-size-default\">Wie ist die Anerkennung fr\u00fcherer Lernleistungen (RPL) definiert?<\/h2>\t\t\t\t<\/div>\n\t\t\t\t<\/div>\n\t\t\t\t<div class=\"elementor-element elementor-element-7ced08d4 elementor-widget elementor-widget-text-editor\" data-id=\"7ced08d4\" data-element_type=\"widget\" data-widget_type=\"text-editor.default\">\n\t\t\t\t<div class=\"elementor-widget-container\">\n\t\t\t\t\t\t\t\t\t<p>Die Richtlinie und das Verfahren zur Anerkennung fr\u00fcherer Lernleistungen (Recognition of Prior Learning, RPL) zielt darauf ab, fr\u00fchere Kenntnisse anzuerkennen, die von qualifizierten Personen in akademischen und nichtakademischen Kontexten erworben wurden.<\/p>\n<p>Die RPL erm\u00f6glicht es Bewerber:innen, Zugang zu Bachelor- oder Masterstudieng\u00e4ngen zu erhalten und\/oder von Teilen davon befreit zu werden, indem sie Nachweise \u00fcber fr\u00fcheres zertifiziertes oder erfahrungsbasiertes Lernen in verschiedenen akademischen und nichtakademischen Kontexten erbringen.<\/p>\n<p>Every applicant has a right to submit an RPL application at the point of admission to the UIS or later, whichever is&nbsp; appropriate in the context of RPL application, but at the latest one month into their enrolment.<\/p>\n<p>Die maximale Anzahl von Credits, die durch die RPL anerkannt werden k\u00f6nnen, betr\u00e4gt in der Regel 50 % der Credits des Studienprogramms.<\/p><p><br><\/p>\t\t\t\t\t\t\t\t<\/div>\n\t\t\t\t<\/div>\n\t\t\t\t\t<\/div>\n\t\t<\/div>\n\t\t\t\t\t<\/div>\n\t\t<\/section>\n\t\t\t\t<section class=\"elementor-section elementor-top-section elementor-element elementor-element-6920063 elementor-section-boxed elementor-section-height-default elementor-section-height-default\" data-id=\"6920063\" data-element_type=\"section\">\n\t\t\t\t\t\t\t<div class=\"elementor-background-overlay\"><\/div>\n\t\t\t\t\t\t\t<div class=\"elementor-container elementor-column-gap-default\">\n\t\t\t\t\t<div class=\"elementor-column elementor-col-100 elementor-top-column elementor-element elementor-element-5c54dee\" data-id=\"5c54dee\" data-element_type=\"column\">\n\t\t\t<div class=\"elementor-widget-wrap elementor-element-populated\">\n\t\t\t\t\t\t<section class=\"elementor-section elementor-inner-section elementor-element elementor-element-7084aa72 elementor-section-boxed elementor-section-height-default elementor-section-height-default\" data-id=\"7084aa72\" data-element_type=\"section\">\n\t\t\t\t\t\t\t<div class=\"elementor-background-overlay\"><\/div>\n\t\t\t\t\t\t\t<div class=\"elementor-container elementor-column-gap-default\">\n\t\t\t\t\t<div class=\"elementor-column elementor-col-100 elementor-inner-column elementor-element elementor-element-7dcf746f\" data-id=\"7dcf746f\" data-element_type=\"column\">\n\t\t\t<div class=\"elementor-widget-wrap elementor-element-populated\">\n\t\t\t\t\t\t<div class=\"elementor-element elementor-element-540caa82 elementor-widget elementor-widget-heading\" data-id=\"540caa82\" data-element_type=\"widget\" data-widget_type=\"heading.default\">\n\t\t\t\t<div class=\"elementor-widget-container\">\n\t\t\t\t\t<h2 class=\"elementor-heading-title elementor-size-default\">Welche Vorkenntnisse k\u00f6nnen anerkannt werden?<\/h2>\t\t\t\t<\/div>\n\t\t\t\t<\/div>\n\t\t\t\t<div class=\"elementor-element elementor-element-88a1a69 elementor-widget elementor-widget-text-editor\" data-id=\"88a1a69\" data-element_type=\"widget\" data-widget_type=\"text-editor.default\">\n\t\t\t\t<div class=\"elementor-widget-container\">\n\t\t\t\t\t\t\t\t\t<p>Alle Bewerber:innen, die eine Zulassung und\/oder Anrechnung durch die RPL anstreben, m\u00fcssen einen schriftlichen Nachweis vorlegen, der best\u00e4tigt, dass sie die spezifischen Lernergebnisse auf dem erforderlichen Niveau und f\u00fcr die erforderlichen Module erreicht haben.<\/p><p>Der Nachweis muss bei der Zulassungsstelle der UIS eingereicht werden.\u00a0<\/p><p>Solche Nachweise k\u00f6nnen sein: Bescheinigungen oder Abschriften von Zeugnissen anderer Hochschulen, von Berufs- oder Weiterbildungseinrichtungen oder von Berufsausbildungen. Bitte f\u00fcgen Sie auch das entsprechende Modulhandbuch, falls vorhanden, oder andere Informationen \u00fcber den Umfang und Inhalt Ihrer Vorkenntnisse bei.<\/p>\t\t\t\t\t\t\t\t<\/div>\n\t\t\t\t<\/div>\n\t\t\t\t\t<\/div>\n\t\t<\/div>\n\t\t\t\t\t<\/div>\n\t\t<\/section>\n\t\t\t\t\t<\/div>\n\t\t<\/div>\n\t\t\t\t\t<\/div>\n\t\t<\/section>\n\t\t\t\t<section class=\"elementor-section elementor-top-section elementor-element elementor-element-2f3b53af elementor-section-content-middle elementor-section-boxed elementor-section-height-default elementor-section-height-default\" data-id=\"2f3b53af\" data-element_type=\"section\">\n\t\t\t\t\t\t<div class=\"elementor-container elementor-column-gap-wider\">\n\t\t\t\t\t<div class=\"elementor-column elementor-col-33 elementor-top-column elementor-element elementor-element-781f6581\" data-id=\"781f6581\" data-element_type=\"column\">\n\t\t\t<div class=\"elementor-widget-wrap elementor-element-populated\">\n\t\t\t\t\t\t<div class=\"elementor-element elementor-element-428dcf53 elementor-widget elementor-widget-raven-image\" data-id=\"428dcf53\" data-element_type=\"widget\" data-widget_type=\"raven-image.default\">\n\t\t\t\t<div class=\"elementor-widget-container\">\n\t\t\t\t\t\t\t<div class=\"raven-image\">\n\t\t\n\t\t\n\t\t<img decoding=\"async\" width=\"2048\" height=\"2048\" src=\"https:\/\/www.uis.edu.mt\/wp-content\/uploads\/2026\/01\/Juliana-Cortez.jpg\" class=\"attachment-full size-full wp-image-3952\" alt=\"Student Services\" srcset=\"https:\/\/www.uis.edu.mt\/wp-content\/uploads\/2026\/01\/Juliana-Cortez.jpg 2048w, https:\/\/www.uis.edu.mt\/wp-content\/uploads\/2026\/01\/Juliana-Cortez-300x300.jpg 300w, https:\/\/www.uis.edu.mt\/wp-content\/uploads\/2026\/01\/Juliana-Cortez-1024x1024.jpg 1024w, https:\/\/www.uis.edu.mt\/wp-content\/uploads\/2026\/01\/Juliana-Cortez-150x150.jpg 150w, https:\/\/www.uis.edu.mt\/wp-content\/uploads\/2026\/01\/Juliana-Cortez-768x768.jpg 768w, https:\/\/www.uis.edu.mt\/wp-content\/uploads\/2026\/01\/Juliana-Cortez-1536x1536.jpg 1536w, https:\/\/www.uis.edu.mt\/wp-content\/uploads\/2026\/01\/Juliana-Cortez-12x12.jpg 12w, https:\/\/www.uis.edu.mt\/wp-content\/uploads\/2026\/01\/Juliana-Cortez-500x500.jpg 500w\" sizes=\"(max-width: 2048px) 100vw, 2048px\" \/>\t\t<\/div>\n\t\t\t\t\t\t<\/div>\n\t\t\t\t<\/div>\n\t\t\t\t\t<\/div>\n\t\t<\/div>\n\t\t\t\t<div class=\"elementor-column elementor-col-66 elementor-top-column elementor-element elementor-element-618a8ed0\" data-id=\"618a8ed0\" data-element_type=\"column\">\n\t\t\t<div class=\"elementor-widget-wrap elementor-element-populated\">\n\t\t\t\t\t\t<div class=\"elementor-element elementor-element-6c726dbf elementor-widget elementor-widget-heading\" data-id=\"6c726dbf\" data-element_type=\"widget\" data-widget_type=\"heading.default\">\n\t\t\t\t<div class=\"elementor-widget-container\">\n\t\t\t\t\t<h2 class=\"elementor-heading-title elementor-size-default\">Kontaktieren Sie unsere Studienberatung<\/h2>\t\t\t\t<\/div>\n\t\t\t\t<\/div>\n\t\t\t\t<div class=\"elementor-element elementor-element-44f07f59 elementor-widget elementor-widget-text-editor\" data-id=\"44f07f59\" data-element_type=\"widget\" data-widget_type=\"text-editor.default\">\n\t\t\t\t<div class=\"elementor-widget-container\">\n\t\t\t\t\t\t\t\t\t<div class=\"elementor-element elementor-element-b5c8a37 elementor-widget elementor-widget-text-editor\" data-id=\"b5c8a37\" data-element_type=\"widget\" data-widget_type=\"text-editor.default\"><div class=\"elementor-widget-container\"><p>Unsere Studienberatung beantwortet gerne alle Ihre Fragen.<\/p><\/div><\/div>\t\t\t\t\t\t\t\t<\/div>\n\t\t\t\t<\/div>\n\t\t\t\t<div class=\"elementor-element elementor-element-2e797402 elementor-widget elementor-widget-heading\" data-id=\"2e797402\" data-element_type=\"widget\" data-widget_type=\"heading.default\">\n\t\t\t\t<div class=\"elementor-widget-container\">\n\t\t\t\t\t<h2 class=\"elementor-heading-title elementor-size-default\">Juliana Cortez<\/h2>\t\t\t\t<\/div>\n\t\t\t\t<\/div>\n\t\t\t\t<div class=\"elementor-element elementor-element-28c27b09 elementor-widget elementor-widget-text-editor\" data-id=\"28c27b09\" data-element_type=\"widget\" data-widget_type=\"text-editor.default\">\n\t\t\t\t<div class=\"elementor-widget-container\">\n\t\t\t\t\t\t\t\t\t<div class=\"elementor-element elementor-element-b5c8a37 elementor-widget elementor-widget-text-editor\" data-id=\"b5c8a37\" data-element_type=\"widget\" data-widget_type=\"text-editor.default\"><div class=\"elementor-widget-container\"><p><span style=\"color: var( --e-global-color-text ); font-family: var( --e-global-typography-text-font-family ), Sans-serif; font-size: var( --e-global-typography-text-font-size ); font-weight: var( --e-global-typography-text-font-weight );\">Interessentenbetreuung<\/span><\/p><\/div><\/div>\t\t\t\t\t\t\t\t<\/div>\n\t\t\t\t<\/div>\n\t\t\t\t<div class=\"elementor-element elementor-element-2e327f16 elementor-view-stacked elementor-position-left elementor-shape-circle elementor-mobile-position-top elementor-vertical-align-top elementor-widget elementor-widget-icon-box\" data-id=\"2e327f16\" data-element_type=\"widget\" data-widget_type=\"icon-box.default\">\n\t\t\t\t<div class=\"elementor-widget-container\">\n\t\t\t\t\t\t\t<div class=\"elementor-icon-box-wrapper\">\n\n\t\t\t\t\t\t<div class=\"elementor-icon-box-icon\">\n\t\t\t\t<a href=\"mailto:student.services@uis.edu.mt\" class=\"elementor-icon\" tabindex=\"-1\" aria-label=\"Senden Sie eine E-Mail\">\n\t\t\t\t<i aria-hidden=\"true\" class=\"fas fa-envelope\"><\/i>\t\t\t\t<\/a>\n\t\t\t<\/div>\n\t\t\t\n\t\t\t\t\t\t<div class=\"elementor-icon-box-content\">\n\n\t\t\t\t\t\t\t\t\t<h3 class=\"elementor-icon-box-title\">\n\t\t\t\t\t\t<a href=\"mailto:student.services@uis.edu.mt\" >\n\t\t\t\t\t\t\tSenden Sie eine E-Mail\t\t\t\t\t\t<\/a>\n\t\t\t\t\t<\/h3>\n\t\t\t\t\n\t\t\t\t\n\t\t\t<\/div>\n\t\t\t\n\t\t<\/div>\n\t\t\t\t\t\t<\/div>\n\t\t\t\t<\/div>\n\t\t\t\t<div class=\"elementor-element elementor-element-6f7352af elementor-view-stacked elementor-position-left elementor-shape-circle elementor-mobile-position-top elementor-vertical-align-top elementor-widget elementor-widget-icon-box\" data-id=\"6f7352af\" data-element_type=\"widget\" data-widget_type=\"icon-box.default\">\n\t\t\t\t<div class=\"elementor-widget-container\">\n\t\t\t\t\t\t\t<div class=\"elementor-icon-box-wrapper\">\n\n\t\t\t\t\t\t<div class=\"elementor-icon-box-icon\">\n\t\t\t\t<a href=\"tel:00356xxxxxxxx\" class=\"elementor-icon\" tabindex=\"-1\" aria-label=\"+356 77 18 66 05\">\n\t\t\t\t<i aria-hidden=\"true\" class=\"fas fa-phone-alt\"><\/i>\t\t\t\t<\/a>\n\t\t\t<\/div>\n\t\t\t\n\t\t\t\t\t\t<div class=\"elementor-icon-box-content\">\n\n\t\t\t\t\t\t\t\t\t<h3 class=\"elementor-icon-box-title\">\n\t\t\t\t\t\t<a href=\"tel:00356xxxxxxxx\" >\n\t\t\t\t\t\t\t+356 77 18 66 05\t\t\t\t\t\t<\/a>\n\t\t\t\t\t<\/h3>\n\t\t\t\t\n\t\t\t\t\t\t\t\t\t<p class=\"elementor-icon-box-description\">\n\t\t\t\t\t\tMo.-Fr. 9:00 - 17:00 CET\t\t\t\t\t<\/p>\n\t\t\t\t\n\t\t\t<\/div>\n\t\t\t\n\t\t<\/div>\n\t\t\t\t\t\t<\/div>\n\t\t\t\t<\/div>\n\t\t\t\t\t<\/div>\n\t\t<\/div>\n\t\t\t\t\t<\/div>\n\t\t<\/section>\n\t\t\t\t<\/div>","protected":false},"excerpt":{"rendered":"<p>How is Recognition of Prior Learning (RPL) defined?\u200b Recognition of Prior Learning (RPL) Policy and Procedure is aimed at recognising\/accrediting prior expertise gained by skilled individuals in academic and non-academic contexts. RPL enables applicants to gain access to undergraduate or postgraduate programmes of study and\/or gain exemptions from parts of it through provision of evidence [&hellip;]<\/p>","protected":false},"author":1,"featured_media":0,"parent":26,"menu_order":0,"comment_status":"closed","ping_status":"closed","template":"","meta":{"_acf_changed":false,"footnotes":""},"class_list":["post-374","page","type-page","status-publish","hentry"],"acf":[],"yoast_head":"<!-- This site is optimized with the Yoast SEO plugin v25.0 - https:\/\/yoast.com\/wordpress\/plugins\/seo\/ -->\n<title>Recognition of Prior Learning (RPL) at UIS<\/title>\n<meta name=\"description\" content=\"RPL Policy and Procedure allows for recognition of prior expertise gained by skilled individuals in academic and non-academic contexts.\" \/>\n<meta name=\"robots\" content=\"index, follow, max-snippet:-1, max-image-preview:large, max-video-preview:-1\" \/>\n<link rel=\"canonical\" href=\"https:\/\/www.uis.edu.mt\/de\/study\/recognition\/\" \/>\n<meta property=\"og:locale\" content=\"de_DE\" \/>\n<meta property=\"og:type\" content=\"article\" \/>\n<meta property=\"og:title\" content=\"Recognition of Prior Learning (RPL) at UIS\" \/>\n<meta property=\"og:description\" content=\"RPL Policy and Procedure allows for recognition of prior expertise gained by skilled individuals in academic and non-academic contexts.\" \/>\n<meta property=\"og:url\" content=\"https:\/\/www.uis.edu.mt\/de\/study\/recognition\/\" \/>\n<meta property=\"og:site_name\" content=\"United International Schools\" \/>\n<meta property=\"article:modified_time\" content=\"2026-01-14T07:30:28+00:00\" \/>\n<meta property=\"og:image\" content=\"https:\/\/www.uis.edu.mt\/wp-content\/uploads\/2023\/10\/UIS-Hero-Small-1140x420-Recognition.webp\" \/>\n\t<meta property=\"og:image:width\" content=\"1140\" \/>\n\t<meta property=\"og:image:height\" content=\"420\" \/>\n\t<meta property=\"og:image:type\" content=\"image\/webp\" \/>\n<meta name=\"twitter:card\" content=\"summary_large_image\" \/>\n<meta name=\"twitter:label1\" content=\"Gesch\u00e4tzte Lesezeit\" \/>\n\t<meta name=\"twitter:data1\" content=\"1\u00a0Minute\" \/>\n<script type=\"application\/ld+json\" class=\"yoast-schema-graph\">{\"@context\":\"https:\/\/schema.org\",\"@graph\":[{\"@type\":\"WebPage\",\"@id\":\"https:\/\/www.uis.edu.mt\/study\/recognition\/\",\"url\":\"https:\/\/www.uis.edu.mt\/study\/recognition\/\",\"name\":\"Recognition of Prior Learning (RPL) at UIS\",\"isPartOf\":{\"@id\":\"https:\/\/www.uis.edu.mt\/#website\"},\"primaryImageOfPage\":{\"@id\":\"https:\/\/www.uis.edu.mt\/study\/recognition\/#primaryimage\"},\"image\":{\"@id\":\"https:\/\/www.uis.edu.mt\/study\/recognition\/#primaryimage\"},\"thumbnailUrl\":\"https:\/\/www.uis.edu.mt\/wp-content\/uploads\/2023\/10\/UIS-Hero-Small-1140x420-Recognition.webp\",\"datePublished\":\"2023-08-30T15:39:19+00:00\",\"dateModified\":\"2026-01-14T07:30:28+00:00\",\"description\":\"RPL Policy and Procedure allows for recognition of prior expertise gained by skilled individuals in academic and non-academic contexts.\",\"breadcrumb\":{\"@id\":\"https:\/\/www.uis.edu.mt\/study\/recognition\/#breadcrumb\"},\"inLanguage\":\"de\",\"potentialAction\":[{\"@type\":\"ReadAction\",\"target\":[\"https:\/\/www.uis.edu.mt\/study\/recognition\/\"]}]},{\"@type\":\"ImageObject\",\"inLanguage\":\"de\",\"@id\":\"https:\/\/www.uis.edu.mt\/study\/recognition\/#primaryimage\",\"url\":\"https:\/\/www.uis.edu.mt\/wp-content\/uploads\/2023\/10\/UIS-Hero-Small-1140x420-Recognition.webp\",\"contentUrl\":\"https:\/\/www.uis.edu.mt\/wp-content\/uploads\/2023\/10\/UIS-Hero-Small-1140x420-Recognition.webp\"},{\"@type\":\"BreadcrumbList\",\"@id\":\"https:\/\/www.uis.edu.mt\/study\/recognition\/#breadcrumb\",\"itemListElement\":[{\"@type\":\"ListItem\",\"position\":1,\"name\":\"Home\",\"item\":\"https:\/\/www.uis.edu.mt\/\"},{\"@type\":\"ListItem\",\"position\":2,\"name\":\"Study\",\"item\":\"https:\/\/www.uis.edu.mt\/study\/\"},{\"@type\":\"ListItem\",\"position\":3,\"name\":\"Recognition of Prior Learning (RPL)\"}]},{\"@type\":\"WebSite\",\"@id\":\"https:\/\/www.uis.edu.mt\/#website\",\"url\":\"https:\/\/www.uis.edu.mt\/\",\"name\":\"United International Schools\",\"description\":\"\",\"publisher\":{\"@id\":\"https:\/\/www.uis.edu.mt\/#organization\"},\"potentialAction\":[{\"@type\":\"SearchAction\",\"target\":{\"@type\":\"EntryPoint\",\"urlTemplate\":\"https:\/\/www.uis.edu.mt\/?s={search_term_string}\"},\"query-input\":{\"@type\":\"PropertyValueSpecification\",\"valueRequired\":true,\"valueName\":\"search_term_string\"}}],\"inLanguage\":\"de\"},{\"@type\":\"Organization\",\"@id\":\"https:\/\/www.uis.edu.mt\/#organization\",\"name\":\"United International Schools\",\"url\":\"https:\/\/www.uis.edu.mt\/\",\"logo\":{\"@type\":\"ImageObject\",\"inLanguage\":\"de\",\"@id\":\"https:\/\/www.uis.edu.mt\/#\/schema\/logo\/image\/\",\"url\":\"https:\/\/www.uis.edu.mt\/wp-content\/uploads\/2023\/08\/UIS-Pos-scaled.jpg\",\"contentUrl\":\"https:\/\/www.uis.edu.mt\/wp-content\/uploads\/2023\/08\/UIS-Pos-scaled.jpg\",\"width\":2560,\"height\":1515,\"caption\":\"United International Schools\"},\"image\":{\"@id\":\"https:\/\/www.uis.edu.mt\/#\/schema\/logo\/image\/\"}}]}<\/script>\n<!-- \/ Yoast SEO plugin. -->","yoast_head_json":{"title":"Recognition of Prior Learning (RPL) at UIS","description":"RPL Policy and Procedure allows for recognition of prior expertise gained by skilled individuals in academic and non-academic contexts.","robots":{"index":"index","follow":"follow","max-snippet":"max-snippet:-1","max-image-preview":"max-image-preview:large","max-video-preview":"max-video-preview:-1"},"canonical":"https:\/\/www.uis.edu.mt\/de\/study\/recognition\/","og_locale":"de_DE","og_type":"article","og_title":"Recognition of Prior Learning (RPL) at UIS","og_description":"RPL Policy and Procedure allows for recognition of prior expertise gained by skilled individuals in academic and non-academic contexts.","og_url":"https:\/\/www.uis.edu.mt\/de\/study\/recognition\/","og_site_name":"United International Schools","article_modified_time":"2026-01-14T07:30:28+00:00","og_image":[{"width":1140,"height":420,"url":"https:\/\/www.uis.edu.mt\/wp-content\/uploads\/2023\/10\/UIS-Hero-Small-1140x420-Recognition.webp","type":"image\/webp"}],"twitter_card":"summary_large_image","twitter_misc":{"Gesch\u00e4tzte Lesezeit":"1\u00a0Minute"},"schema":{"@context":"https:\/\/schema.org","@graph":[{"@type":"WebPage","@id":"https:\/\/www.uis.edu.mt\/study\/recognition\/","url":"https:\/\/www.uis.edu.mt\/study\/recognition\/","name":"Recognition of Prior Learning (RPL) at UIS","isPartOf":{"@id":"https:\/\/www.uis.edu.mt\/#website"},"primaryImageOfPage":{"@id":"https:\/\/www.uis.edu.mt\/study\/recognition\/#primaryimage"},"image":{"@id":"https:\/\/www.uis.edu.mt\/study\/recognition\/#primaryimage"},"thumbnailUrl":"https:\/\/www.uis.edu.mt\/wp-content\/uploads\/2023\/10\/UIS-Hero-Small-1140x420-Recognition.webp","datePublished":"2023-08-30T15:39:19+00:00","dateModified":"2026-01-14T07:30:28+00:00","description":"RPL Policy and Procedure allows for recognition of prior expertise gained by skilled individuals in academic and non-academic contexts.","breadcrumb":{"@id":"https:\/\/www.uis.edu.mt\/study\/recognition\/#breadcrumb"},"inLanguage":"de","potentialAction":[{"@type":"ReadAction","target":["https:\/\/www.uis.edu.mt\/study\/recognition\/"]}]},{"@type":"ImageObject","inLanguage":"de","@id":"https:\/\/www.uis.edu.mt\/study\/recognition\/#primaryimage","url":"https:\/\/www.uis.edu.mt\/wp-content\/uploads\/2023\/10\/UIS-Hero-Small-1140x420-Recognition.webp","contentUrl":"https:\/\/www.uis.edu.mt\/wp-content\/uploads\/2023\/10\/UIS-Hero-Small-1140x420-Recognition.webp"},{"@type":"BreadcrumbList","@id":"https:\/\/www.uis.edu.mt\/study\/recognition\/#breadcrumb","itemListElement":[{"@type":"ListItem","position":1,"name":"Home","item":"https:\/\/www.uis.edu.mt\/"},{"@type":"ListItem","position":2,"name":"Study","item":"https:\/\/www.uis.edu.mt\/study\/"},{"@type":"ListItem","position":3,"name":"Recognition of Prior Learning (RPL)"}]},{"@type":"WebSite","@id":"https:\/\/www.uis.edu.mt\/#website","url":"https:\/\/www.uis.edu.mt\/","name":"United International Schools","description":"","publisher":{"@id":"https:\/\/www.uis.edu.mt\/#organization"},"potentialAction":[{"@type":"SearchAction","target":{"@type":"EntryPoint","urlTemplate":"https:\/\/www.uis.edu.mt\/?s={search_term_string}"},"query-input":{"@type":"PropertyValueSpecification","valueRequired":true,"valueName":"search_term_string"}}],"inLanguage":"de"},{"@type":"Organization","@id":"https:\/\/www.uis.edu.mt\/#organization","name":"United International Schools","url":"https:\/\/www.uis.edu.mt\/","logo":{"@type":"ImageObject","inLanguage":"de","@id":"https:\/\/www.uis.edu.mt\/#\/schema\/logo\/image\/","url":"https:\/\/www.uis.edu.mt\/wp-content\/uploads\/2023\/08\/UIS-Pos-scaled.jpg","contentUrl":"https:\/\/www.uis.edu.mt\/wp-content\/uploads\/2023\/08\/UIS-Pos-scaled.jpg","width":2560,"height":1515,"caption":"United International Schools"},"image":{"@id":"https:\/\/www.uis.edu.mt\/#\/schema\/logo\/image\/"}}]}},"_links":{"self":[{"href":"https:\/\/www.uis.edu.mt\/de\/wp-json\/wp\/v2\/pages\/374","targetHints":{"allow":["GET"]}}],"collection":[{"href":"https:\/\/www.uis.edu.mt\/de\/wp-json\/wp\/v2\/pages"}],"about":[{"href":"https:\/\/www.uis.edu.mt\/de\/wp-json\/wp\/v2\/types\/page"}],"author":[{"embeddable":true,"href":"https:\/\/www.uis.edu.mt\/de\/wp-json\/wp\/v2\/users\/1"}],"replies":[{"embeddable":true,"href":"https:\/\/www.uis.edu.mt\/de\/wp-json\/wp\/v2\/comments?post=374"}],"version-history":[{"count":69,"href":"https:\/\/www.uis.edu.mt\/de\/wp-json\/wp\/v2\/pages\/374\/revisions"}],"predecessor-version":[{"id":3986,"href":"https:\/\/www.uis.edu.mt\/de\/wp-json\/wp\/v2\/pages\/374\/revisions\/3986"}],"up":[{"embeddable":true,"href":"https:\/\/www.uis.edu.mt\/de\/wp-json\/wp\/v2\/pages\/26"}],"wp:attachment":[{"href":"https:\/\/www.uis.edu.mt\/de\/wp-json\/wp\/v2\/media?parent=374"}],"curies":[{"name":"wp","href":"https:\/\/api.w.org\/{rel}","templated":true}]}}